{"id":2535,"date":"2018-02-10T23:57:45","date_gmt":"2018-02-10T22:57:45","guid":{"rendered":"https:\/\/www.hotelrimini.com\/live28042026\/live\/?page_id=2535"},"modified":"2018-02-11T00:02:08","modified_gmt":"2018-02-10T23:02:08","slug":"lage","status":"publish","type":"page","link":"https:\/\/www.hotelrimini.com\/sv\/lage\/","title":{"rendered":"L\u00e4ge"},"content":{"rendered":"<h1>L\u00e4ge<\/h1>\n<p>Hotel Rimini i Rom har ett strategiskt l\u00e4ge f\u00f6r\u00a0<strong>aff\u00e4rsresen\u00e4rer<\/strong>, eftersom det ligger n\u00e4ra\u00a0<strong>polishuset<\/strong>,\u00a0<strong>departementen<\/strong>,\u00a0<strong>Universitet La Sapienza<\/strong>, sjukhuset\u00a0<strong>Policlinico Umberto I<\/strong>, Polish\u00f6gskolan,\u00a0<strong>Inrikesdepartementet, Departementet f\u00f6r offentligt arbete och F\u00f6rsvarsdepartementet<\/strong>. Hotellet som ligger mitt i Roms centrum bland de viktigaste monumenten och n\u00e4ra Operan \u00e4r lika idealiskt f\u00f6r en\u00a0<strong>semestervistelse<\/strong>.<\/p>\n<p>Hotel Rimini ligger i\u00a0<strong>kvarteret Castro Pretorio<\/strong>, mellan Roms centralstation, Termini, och universitetsstaden, mitt emot den italienska turistbyr\u00e5n.<\/p>\n<p>Det antika kvarteret Castro Pretorio k\u00e4nnetecknas av n\u00e4rvaron av\u00a0<strong>viktiga institutionsbyggnader<\/strong>\u00a0som till exempel nationalbiblioteket, det arkeologiska museet i Palazzo massimo, s\u00e4tet f\u00f6r Domarr\u00e5det och det prestigefulla universitetet La Sapienza.<\/p>\n<p>Dess\u00a0<strong>mycket centrala l\u00e4ge<\/strong>\u00a0g\u00f6r \u00e4ven att du snabbt kan n\u00e5 de viktigaste historiska, kulturella och aff\u00e4rsrelaterade platserna, b\u00e5de till fots och med de bekv\u00e4ma offentliga transportmedel som k\u00f6r igenom hela staden.<\/p>\n<p>H\u00e4rifr\u00e5n utg\u00e5r de huvudsakliga busslinjerna i staden samt tunnelbanelinjerna A och B, som \u00e4r idealiska f\u00f6r att n\u00e5 strategiska platser i staden som\u00a0<strong>Vatikanstaten<\/strong>\u00a0med\u00a0<strong>Peterskyrkan<\/strong>\u00a0och\u00a0<strong>Vatikanmuseet<\/strong>,\u00a0<strong>Spanska Trappan<\/strong>\u00a0och\u00a0<strong>Fontana<\/strong>\u00a0di\u00a0<strong>Trevi<\/strong>,\u00a0<strong>Olympiastadion<\/strong>, den n<strong>ya m\u00e4ssan i Rom<\/strong>\u00a0och, f\u00f6r en exklusiv\u00a0<strong>shopping<\/strong>, de ber\u00f6mda shoppinggatorna Via Condotti och Via del Corso, samt de helt nya\u00a0<strong>k\u00f6pcentra<\/strong>\u00a0som finns i Rom och som du inte f\u00e5r missa vid sommar- och vinterrean.<\/p>\n","protected":false},"excerpt":{"rendered":"<p>L\u00e4ge Hotel Rimini i Rom har ett strategiskt l\u00e4ge f\u00f6r\u00a0aff\u00e4rsresen\u00e4rer, eftersom det ligger n\u00e4ra\u00a0polishuset,\u00a0departementen,\u00a0Universitet La Sapienza, sjukhuset\u00a0Policlinico Umberto I, Polish\u00f6gskolan,\u00a0Inrikesdepartementet, Departementet f\u00f6r offentligt arbete och F\u00f6rsvarsdepartementet. Hotellet som ligger mitt i Roms centrum bland de viktigaste monumenten och n\u00e4ra Operan \u00e4r lika idealiskt f\u00f6r en\u00a0semestervistelse. Hotel Rimini ligger i\u00a0kvarteret Castro Pretorio, mellan Roms centralstation, Termini, [&hellip;]<\/p>\n","protected":false},"author":1,"featured_media":0,"parent":0,"menu_order":0,"comment_status":"closed","ping_status":"closed","template":"","meta":{"footnotes":""},"class_list":["post-2535","page","type-page","status-publish","hentry"],"_links":{"self":[{"href":"https:\/\/www.hotelrimini.com\/sv\/wp-json\/wp\/v2\/pages\/2535","targetHints":{"allow":["GET"]}}],"collection":[{"href":"https:\/\/www.hotelrimini.com\/sv\/wp-json\/wp\/v2\/pages"}],"about":[{"href":"https:\/\/www.hotelrimini.com\/sv\/wp-json\/wp\/v2\/types\/page"}],"author":[{"embeddable":true,"href":"https:\/\/www.hotelrimini.com\/sv\/wp-json\/wp\/v2\/users\/1"}],"replies":[{"embeddable":true,"href":"https:\/\/www.hotelrimini.com\/sv\/wp-json\/wp\/v2\/comments?post=2535"}],"version-history":[{"count":1,"href":"https:\/\/www.hotelrimini.com\/sv\/wp-json\/wp\/v2\/pages\/2535\/revisions"}],"predecessor-version":[{"id":2536,"href":"https:\/\/www.hotelrimini.com\/sv\/wp-json\/wp\/v2\/pages\/2535\/revisions\/2536"}],"wp:attachment":[{"href":"https:\/\/www.hotelrimini.com\/sv\/wp-json\/wp\/v2\/media?parent=2535"}],"curies":[{"name":"wp","href":"https:\/\/api.w.org\/{rel}","templated":true}]}}