{"id":2007,"date":"2018-02-04T23:23:05","date_gmt":"2018-02-04T22:23:05","guid":{"rendered":"https:\/\/www.hotelrimini.com\/live28042026\/live\/?page_id=2007\/"},"modified":"2018-02-17T21:37:39","modified_gmt":"2018-02-17T20:37:39","slug":"beskrivning","status":"publish","type":"page","link":"https:\/\/www.hotelrimini.com\/sv\/beskrivning\/","title":{"rendered":"Beskrivning"},"content":{"rendered":"<h1>Beskrivning<\/h1>\n<p>Hotellets attraktiva l\u00e4ge mitt i\u00a0<strong>Roms<\/strong>\u00a0centrum och dess n\u00e4rhet till t\u00e5gstationen Termini, g\u00f6r Hotel Rimini till ett lockande\u00a0<strong>familjehotell<\/strong>, med rymliga, mysiga rum (f\u00f6r upp till 4 personer). Dessutom erbjuder rummen en Wi-Fi-anslutning till Internet och satellit-TV, vilket g\u00f6r hotellet praktiskt f\u00f6r b\u00e5de\u00a0<strong>aff\u00e4rsresen\u00e4rer<\/strong>\u00a0och idealiskt\u00a0<strong>f\u00f6r ungdomar<\/strong>\u00a0som s\u00f6ker ett hotell som \u00e4r b\u00e5de\u00a0<strong>billigt<\/strong>\u00a0och bekv\u00e4mt.<\/p>\n<p>Hotel Rimini ligger i en\u00a0<strong>elegant byggnad fr\u00e5n 1800-talet<\/strong>\u00a0som en g\u00e5ng var sommarbostad f\u00f6r Prinsfamiljen Cesarini Sforza. Av byggnadens f\u00f6rfinade f\u00f6rflutna, lever dess ursprungliga struktur kvar med sina underbart vackra marmorgolv och en\u00a0<strong>elegant och rofylld atmosf\u00e4r.<\/strong><\/p>\n<p>Byggnaden har tillh\u00f6rt v\u00e5r familj sedan 1920, \u00e5ret d\u00e5 det byggdes om till pension, och \u00e5rstid efter \u00e5rstid, har hotellet berikats med bekv\u00e4mligheter och tj\u00e4nster f\u00f6r att g\u00f6ra v\u00e5ra g\u00e4sters vistelse trevlig och of\u00f6rgl\u00f6mlig.<\/p>\n<p>Sedan 2007 tillh\u00f6r Hotel Rimini i Rom gruppen\u00a0<strong>ECOWORLDHOTEL<\/strong>: en kedja med\u00a0<strong>oberoende hotell<\/strong>\u00a0som k\u00e4nnetecknas av till\u00e4mpandet av en milj\u00f6v\u00e4nlig energipolicy och respekt f\u00f6r milj\u00f6n genom anv\u00e4ndning av\u00a0<strong>ekologiska material<\/strong>, resurser och lokala leveranser och metoder f\u00f6r att spara p\u00e5 konsumtionen f\u00f6r en\u00a0<strong>ekologiskt genomf\u00f6rbar politik<\/strong>, f\u00f6r att skydda milj\u00f6n och fr\u00e4mja en\u00a0<strong>genomf\u00f6rbar turism<\/strong>.<\/p>\n<h2>V\u00e5r service<\/h2>\n<p>Varje morgon serverar vi en\u00a0<strong>h\u00e4rlig och riklig frukost<\/strong>, som har prisbel\u00f6nats som b\u00e4sta buff\u00e9frukost av den prestigefulla tidskriften \u201cViaggi e Sapori\u201d.<br \/>\nHemlagade bakverk, nygr\u00e4ddade croissanter, f\u00e4rsk frukt och ett urval av de b\u00e4sta italienska charkuterierna samt doftande nybakat br\u00f6d.<\/p>\n<p>Frukosten serveras i v\u00e5r restaurang som \u00e4ven har en stor terrass med panoramautsikt \u00f6ver kupolerna p\u00e5 kyrkan \u201cSacro Cuore\u201d och \u00f6ver de karakt\u00e4ristiska romerska tak\u00e5sarna. Restaurangen har byggts om i gammal engelsk stil och pryds med\u00a0<strong>reproduktioner p\u00e5 ber\u00f6mda m\u00e4sterverk<\/strong>\u00a0samt av doftande, f\u00e4rska blommor i alla f\u00e4rger.<\/p>\n<p>F\u00f6r dig som vill inta en aperitif, en cocktail eller snack har g\u00e4sterna tillg\u00e5ng till en v\u00e4lf\u00f6rsedd\u00a0<strong>Snackbar<\/strong>, som \u00e4r idealisk f\u00f6r att slappna av efter en intensiv dag medan man bl\u00e4ddrar i guideb\u00f6cker och tidningar i den bekv\u00e4ma soffan som passar s\u00e4rskilt v\u00e4l f\u00f6r l\u00f6sning i den eleganta milj\u00f6n med sitt \u00e4kta 1800-talstak med bj\u00e4lkar. Vi st\u00e5r till ert f\u00f6rfogande f\u00f6r att rekommendera intressanta utflykter f\u00f6r att uppt\u00e4cka staden, f\u00f6r att ge r\u00e5d om trattorior och typiska restauranger, f\u00f6r att organisera rundturer i staden med omgivningar och f\u00f6r att boka biljetter till utst\u00e4llningar, f\u00f6rest\u00e4llningar och sportevenemang som rugbyturneringen\u00a0<strong>Rugby 6 Nazioni<\/strong>\u00a0eller Roms maraton\u00a0<strong>Maratona di Roma\u00a0<\/strong>samt fotbollsmatcher i de\u00a0<strong>italienska m\u00e4sterskapen<\/strong>\u00a0och\u00a0<strong>Champions League<\/strong>och mycket annat.<\/p>\n","protected":false},"excerpt":{"rendered":"<p>Beskrivning Hotellets attraktiva l\u00e4ge mitt i\u00a0Roms\u00a0centrum och dess n\u00e4rhet till t\u00e5gstationen Termini, g\u00f6r Hotel Rimini till ett lockande\u00a0familjehotell, med rymliga, mysiga rum (f\u00f6r upp till 4 personer). Dessutom erbjuder rummen en Wi-Fi-anslutning till Internet och satellit-TV, vilket g\u00f6r hotellet praktiskt f\u00f6r b\u00e5de\u00a0aff\u00e4rsresen\u00e4rer\u00a0och idealiskt\u00a0f\u00f6r ungdomar\u00a0som s\u00f6ker ett hotell som \u00e4r b\u00e5de\u00a0billigt\u00a0och bekv\u00e4mt. Hotel Rimini ligger i [&hellip;]<\/p>\n","protected":false},"author":1,"featured_media":0,"parent":0,"menu_order":0,"comment_status":"closed","ping_status":"closed","template":"","meta":{"footnotes":""},"class_list":["post-2007","page","type-page","status-publish","hentry"],"_links":{"self":[{"href":"https:\/\/www.hotelrimini.com\/sv\/wp-json\/wp\/v2\/pages\/2007","targetHints":{"allow":["GET"]}}],"collection":[{"href":"https:\/\/www.hotelrimini.com\/sv\/wp-json\/wp\/v2\/pages"}],"about":[{"href":"https:\/\/www.hotelrimini.com\/sv\/wp-json\/wp\/v2\/types\/page"}],"author":[{"embeddable":true,"href":"https:\/\/www.hotelrimini.com\/sv\/wp-json\/wp\/v2\/users\/1"}],"replies":[{"embeddable":true,"href":"https:\/\/www.hotelrimini.com\/sv\/wp-json\/wp\/v2\/comments?post=2007"}],"version-history":[{"count":4,"href":"https:\/\/www.hotelrimini.com\/sv\/wp-json\/wp\/v2\/pages\/2007\/revisions"}],"predecessor-version":[{"id":3042,"href":"https:\/\/www.hotelrimini.com\/sv\/wp-json\/wp\/v2\/pages\/2007\/revisions\/3042"}],"wp:attachment":[{"href":"https:\/\/www.hotelrimini.com\/sv\/wp-json\/wp\/v2\/media?parent=2007"}],"curies":[{"name":"wp","href":"https:\/\/api.w.org\/{rel}","templated":true}]}}