{"id":1927,"date":"2018-02-04T22:49:19","date_gmt":"2018-02-04T21:49:19","guid":{"rendered":"https:\/\/www.hotelrimini.com\/live28042026\/live\/?page_id=1927\/"},"modified":"2018-02-17T17:54:53","modified_gmt":"2018-02-17T16:54:53","slug":"home","status":"publish","type":"page","link":"https:\/\/www.hotelrimini.com\/sv\/","title":{"rendered":"Home"},"content":{"rendered":"<p>I\u00a0<strong>Roms centrum<\/strong>, i en elegant artonhundratalsbyggnad\u00a0<strong>Hotel Rimini ROMA \u00e4r ett bekv\u00e4mt budgethotell<\/strong>\u00a0p\u00e5 bekv\u00e4mt avst\u00e5nd fr\u00e5n j\u00e4rnv\u00e4gsstationen Termini, perfekt f\u00f6r aff\u00e4rsresen\u00e4rer, ungdomar och familjer, uppskattade f\u00f6r sina rum som har gratis internetanslutning\u00a0<strong>wi-fi f\u00f6r alla g\u00e4ster, satellit TV<\/strong>\u00a0och en mysig lounge med utsikt d\u00e4r det serveras en\u00a0<strong>h\u00e4rlig frukostbuff\u00e9<\/strong>.<\/p>\n<p>Bland de\u00a0<strong>3-stj\u00e4rniga hotellen mitt i centrum i Rom<\/strong>, f\u00f6renar Hotel Rimini Rom den Eviga Stadens tidl\u00f6sa charm med bekv\u00e4mligheterna f\u00f6r ett prisv\u00e4rt\u00a0<strong>hotell med en stor elegans och g\u00e4stfrihet<\/strong>\u00a0som \u00e4ven erbjuder m\u00e5nga tj\u00e4nster och bekv\u00e4mligheter. Speciellt en conciergeservice som \u00e4r tillg\u00e4nglig 24 timmar om dygnet f\u00f6r att boka biljetter, taxi, pendelt\u00e5g, utflykter och guidade turer i Rom och mycket mer!<\/p>\n<p>Detta\u00a0<strong>3-stj\u00e4rniga hotell i Roms centrum<\/strong>\u00a0\u00e4r dessutom l\u00e4tt att n\u00e5, eftersom Hotel Rimini Roma ligger n\u00e4ra j\u00e4rnv\u00e4gsstationen och n\u00e4ra terminalen fr\u00e5n och till\u00a0<strong>flygplatsen Fiumicino och flygplatsen Ciampino<\/strong>, (Ryan Air och andra l\u00e5gprisflygbolag), tar man sig antingen med de speciella direktt\u00e5gen eller med Alitalias och Terravisions busservice, vars \u00e4ndstationer ligger mindre \u00e4n 50 meter fr\u00e5n hotellet.<\/p>\n","protected":false},"excerpt":{"rendered":"<p>I\u00a0Roms centrum, i en elegant artonhundratalsbyggnad\u00a0Hotel Rimini ROMA \u00e4r ett bekv\u00e4mt budgethotell\u00a0p\u00e5 bekv\u00e4mt avst\u00e5nd fr\u00e5n j\u00e4rnv\u00e4gsstationen Termini, perfekt f\u00f6r aff\u00e4rsresen\u00e4rer, ungdomar och familjer, uppskattade f\u00f6r sina rum som har gratis internetanslutning\u00a0wi-fi f\u00f6r alla g\u00e4ster, satellit TV\u00a0och en mysig lounge med utsikt d\u00e4r det serveras en\u00a0h\u00e4rlig frukostbuff\u00e9. Bland de\u00a03-stj\u00e4rniga hotellen mitt i centrum i Rom, f\u00f6renar [&hellip;]<\/p>\n","protected":false},"author":1,"featured_media":0,"parent":0,"menu_order":0,"comment_status":"closed","ping_status":"closed","template":"","meta":{"footnotes":""},"class_list":["post-1927","page","type-page","status-publish","hentry"],"_links":{"self":[{"href":"https:\/\/www.hotelrimini.com\/sv\/wp-json\/wp\/v2\/pages\/1927","targetHints":{"allow":["GET"]}}],"collection":[{"href":"https:\/\/www.hotelrimini.com\/sv\/wp-json\/wp\/v2\/pages"}],"about":[{"href":"https:\/\/www.hotelrimini.com\/sv\/wp-json\/wp\/v2\/types\/page"}],"author":[{"embeddable":true,"href":"https:\/\/www.hotelrimini.com\/sv\/wp-json\/wp\/v2\/users\/1"}],"replies":[{"embeddable":true,"href":"https:\/\/www.hotelrimini.com\/sv\/wp-json\/wp\/v2\/comments?post=1927"}],"version-history":[{"count":4,"href":"https:\/\/www.hotelrimini.com\/sv\/wp-json\/wp\/v2\/pages\/1927\/revisions"}],"predecessor-version":[{"id":3028,"href":"https:\/\/www.hotelrimini.com\/sv\/wp-json\/wp\/v2\/pages\/1927\/revisions\/3028"}],"wp:attachment":[{"href":"https:\/\/www.hotelrimini.com\/sv\/wp-json\/wp\/v2\/media?parent=1927"}],"curies":[{"name":"wp","href":"https:\/\/api.w.org\/{rel}","templated":true}]}}