{"id":2043,"date":"2018-02-06T23:46:54","date_gmt":"2018-02-06T22:46:54","guid":{"rendered":"https:\/\/www.hotelrimini.com\/live28042026\/live\/?page_id=2043\/"},"modified":"2018-05-13T18:06:11","modified_gmt":"2018-05-13T16:06:11","slug":"quartos","status":"publish","type":"page","link":"https:\/\/www.hotelrimini.com\/pt-pt\/quartos\/","title":{"rendered":"Quartos"},"content":{"rendered":"<h1>Quartos<\/h1>\n<p>Quartos de m\u00faltiplas configura\u00e7\u00f5es, para acolher as mais variadas exig\u00eancias. Os h\u00f3spedes do\u00a0<strong>Hotel Rimini<\/strong>\u00a0de\u00a0<strong>Roma<\/strong>\u00a0v\u00e3o desde a clientela de\u00a0<strong>neg\u00f3cios<\/strong>\u00a0e\u00a0<strong>empresarial<\/strong>\u00a0que procura eleg\u00e2ncia, praticalidade e conforto, \u00e0s\u00a0<strong>fam\u00edlias<\/strong>\u00a0que apreciam os econ\u00f3micos\u00a0<strong>quartos triplos e qu\u00e1druplos<\/strong>, no meio das atrac\u00e7\u00f5es do\u00a0<strong>centro hist\u00f3rico<\/strong>\u00a0de Roma, e\u00a0<strong>pr\u00f3ximos do Hospital Umberto 1<\/strong>.<\/p>\n<p>O Hotel Rimini coloca \u00e0 disposi\u00e7\u00e3o dos seus h\u00f3spedes a possibilidade de escolherem de entre as\u00a0<strong>diversas tipologias de alojamento<\/strong>\u00a0aquela que melhor satisfaz as suas exig\u00eancias: o hotel disp\u00f5e com efeito de quartos subdivididos em individuais, duplos, triplos e qu\u00e1druplos. Alguns quartos encontram-se al\u00e9m disso reservados exclusivamente a n\u00e3o fumadores.<\/p>\n<p>Cada quarto foi completamente<strong>\u00a0insonorizado<\/strong>\u00a0de forma a garantir noites serenas e tranquilas n\u00e3o obstante a localiza\u00e7\u00e3o extremamente central. Para tornar ainda mais apraz\u00edvel a estada, os quartos deste elegante\u00a0<strong>hotel de Roma<\/strong>\u00a0foram equipados com\u00a0<strong>confortos de alta qualidade\u00a0<\/strong>como ar condicionado, telefone directo com monitor para a navega\u00e7\u00e3o na Internet, cofre, mini-bar, televis\u00e3o por sat\u00e9lite e uma c\u00f3moda casa-de-banho privada com banheira ou duche hidromassagem e secador de cabelo.<\/p>\n","protected":false},"excerpt":{"rendered":"<p>Quartos Quartos de m\u00faltiplas configura\u00e7\u00f5es, para acolher as mais variadas exig\u00eancias. Os h\u00f3spedes do\u00a0Hotel Rimini\u00a0de\u00a0Roma\u00a0v\u00e3o desde a clientela de\u00a0neg\u00f3cios\u00a0e\u00a0empresarial\u00a0que procura eleg\u00e2ncia, praticalidade e conforto, \u00e0s\u00a0fam\u00edlias\u00a0que apreciam os econ\u00f3micos\u00a0quartos triplos e qu\u00e1druplos, no meio das atrac\u00e7\u00f5es do\u00a0centro hist\u00f3rico\u00a0de Roma, e\u00a0pr\u00f3ximos do Hospital Umberto 1. O Hotel Rimini coloca \u00e0 disposi\u00e7\u00e3o dos seus h\u00f3spedes a possibilidade de [&hellip;]<\/p>\n","protected":false},"author":1,"featured_media":0,"parent":0,"menu_order":0,"comment_status":"closed","ping_status":"closed","template":"","meta":{"footnotes":""},"class_list":["post-2043","page","type-page","status-publish","hentry"],"_links":{"self":[{"href":"https:\/\/www.hotelrimini.com\/pt-pt\/wp-json\/wp\/v2\/pages\/2043","targetHints":{"allow":["GET"]}}],"collection":[{"href":"https:\/\/www.hotelrimini.com\/pt-pt\/wp-json\/wp\/v2\/pages"}],"about":[{"href":"https:\/\/www.hotelrimini.com\/pt-pt\/wp-json\/wp\/v2\/types\/page"}],"author":[{"embeddable":true,"href":"https:\/\/www.hotelrimini.com\/pt-pt\/wp-json\/wp\/v2\/users\/1"}],"replies":[{"embeddable":true,"href":"https:\/\/www.hotelrimini.com\/pt-pt\/wp-json\/wp\/v2\/comments?post=2043"}],"version-history":[{"count":4,"href":"https:\/\/www.hotelrimini.com\/pt-pt\/wp-json\/wp\/v2\/pages\/2043\/revisions"}],"predecessor-version":[{"id":2913,"href":"https:\/\/www.hotelrimini.com\/pt-pt\/wp-json\/wp\/v2\/pages\/2043\/revisions\/2913"}],"wp:attachment":[{"href":"https:\/\/www.hotelrimini.com\/pt-pt\/wp-json\/wp\/v2\/media?parent=2043"}],"curies":[{"name":"wp","href":"https:\/\/api.w.org\/{rel}","templated":true}]}}