{"id":2531,"date":"2018-02-10T23:45:28","date_gmt":"2018-02-10T22:45:28","guid":{"rendered":"https:\/\/www.hotelrimini.com\/live28042026\/live\/?page_id=2531"},"modified":"2018-02-10T23:46:53","modified_gmt":"2018-02-10T22:46:53","slug":"lokalizacja","status":"publish","type":"page","link":"https:\/\/www.hotelrimini.com\/pl\/lokalizacja\/","title":{"rendered":"Lokalizacja"},"content":{"rendered":"<h1>Lokalizacja<\/h1>\n<p>Hotel Rimini w Rzymie znajduje si\u0119 w korzystnym miejscu dla klient\u00f3w\u00a0<strong>biznesowych<\/strong>\u00a0\u2013 blisko\u00a0<strong>Kwestury Policji<\/strong>,\u00a0<strong>ministerstw<\/strong>,\u00a0<strong>Uniwersytetu La Sapienza<\/strong>,\u00a0<strong>Polikliniki Umberto I<\/strong>, Wy\u017cszej Szko\u0142y Policji,\u00a0<strong>ministerstw<\/strong>\u00a0Spraw Wewn\u0119trznych, Prac Publicznych i Obrony. Hotel ten, w centrum historycznym Rzymu, w\u015br\u00f3d g\u0142\u00f3wnych zabytk\u00f3w, blisko Teatru Opery, znakomicie nadaje si\u0119 r\u00f3wnie\u017c na pobyt typu\u00a0<strong>leisure<\/strong>.<\/p>\n<p>Hotel Rimini znajduje si\u0119 w\u00a0<strong>dzielnicy Castro Pretorio<\/strong>, pomi\u0119dzy Dworcem Centralnym Roma Termini i Masteczkiem Uniwersyteckim, naprzeciwko siedziby W\u0142oskiego Urz\u0119du ds. Turystyki.<\/p>\n<p>Zabytkowa dzielnica Castro Pretorio charakteryzuje si\u0119 obecno\u015bci\u0105\u00a0<strong>wa\u017cnych instytucji<\/strong>, takich jak na przyk\u0142ad Biblioteka Narodowa, Muzeum Archeologiczne w Palazzo Massimo, siedziba Wy\u017cszej Rady Magistratury oraz presti\u017cowy Uniwersytet La Sapienza.<\/p>\n<p><strong>Lokalizacja w samym centrum<\/strong>\u00a0pozwala na dotarcie w kr\u00f3tkim czasie do g\u0142\u00f3wnych miejsc o znaczeniu historycznym, kulturalnym i biznesowym, zar\u00f3wno na pieszo jak i korzystaj\u0105c z dobrze zorganizowanej sieci komunikacji miejskiej na terenie ca\u0142ego miasta.<\/p>\n<p>Stamt\u0105d odje\u017cd\u017caj\u0105 g\u0142\u00f3wne linie autobus\u00f3w miejskich oraz linie metra A i B, idealne, aby \u0142atwo dosta\u0107 si\u0119 w kr\u00f3tkim czasie do najwa\u017cniejszych punkt\u00f3w miasta, takich jak\u00a0<strong>Watykan<\/strong>\u00a0z\u00a0<strong>Bazylik\u0105 \u015aw. Piotra<\/strong>\u00a0i\u00a0<strong>Muzeami Watyka\u0144skimi<\/strong>,\u00a0<strong>plac Hiszpa\u0144ski<\/strong>\u00a0i\u00a0<strong>Fontanna<\/strong>\u00a0di\u00a0<strong>Trevi<\/strong>,\u00a0<strong>Stadion Olimpijski<\/strong>,\u00a0<strong>nowe Targi Rzymskie<\/strong>. A na bardziej ekskluzywne\u00a0<strong>zakupy<\/strong>\u00a0\u2013 renomowana via Condotti i via del Corso oraz najnowsze du\u017ce\u00a0<strong>galerie handlowe<\/strong>\u00a0Rzymu, nie do przeoczenia przy okazji wielkich letnich i zimowych wyprzeda\u017cy.<\/p>\n","protected":false},"excerpt":{"rendered":"<p>Lokalizacja Hotel Rimini w Rzymie znajduje si\u0119 w korzystnym miejscu dla klient\u00f3w\u00a0biznesowych\u00a0\u2013 blisko\u00a0Kwestury Policji,\u00a0ministerstw,\u00a0Uniwersytetu La Sapienza,\u00a0Polikliniki Umberto I, Wy\u017cszej Szko\u0142y Policji,\u00a0ministerstw\u00a0Spraw Wewn\u0119trznych, Prac Publicznych i Obrony. Hotel ten, w centrum historycznym Rzymu, w\u015br\u00f3d g\u0142\u00f3wnych zabytk\u00f3w, blisko Teatru Opery, znakomicie nadaje si\u0119 r\u00f3wnie\u017c na pobyt typu\u00a0leisure. Hotel Rimini znajduje si\u0119 w\u00a0dzielnicy Castro Pretorio, pomi\u0119dzy Dworcem Centralnym [&hellip;]<\/p>\n","protected":false},"author":1,"featured_media":0,"parent":0,"menu_order":0,"comment_status":"closed","ping_status":"closed","template":"","meta":{"footnotes":""},"class_list":["post-2531","page","type-page","status-publish","hentry"],"_links":{"self":[{"href":"https:\/\/www.hotelrimini.com\/pl\/wp-json\/wp\/v2\/pages\/2531","targetHints":{"allow":["GET"]}}],"collection":[{"href":"https:\/\/www.hotelrimini.com\/pl\/wp-json\/wp\/v2\/pages"}],"about":[{"href":"https:\/\/www.hotelrimini.com\/pl\/wp-json\/wp\/v2\/types\/page"}],"author":[{"embeddable":true,"href":"https:\/\/www.hotelrimini.com\/pl\/wp-json\/wp\/v2\/users\/1"}],"replies":[{"embeddable":true,"href":"https:\/\/www.hotelrimini.com\/pl\/wp-json\/wp\/v2\/comments?post=2531"}],"version-history":[{"count":1,"href":"https:\/\/www.hotelrimini.com\/pl\/wp-json\/wp\/v2\/pages\/2531\/revisions"}],"predecessor-version":[{"id":2532,"href":"https:\/\/www.hotelrimini.com\/pl\/wp-json\/wp\/v2\/pages\/2531\/revisions\/2532"}],"wp:attachment":[{"href":"https:\/\/www.hotelrimini.com\/pl\/wp-json\/wp\/v2\/media?parent=2531"}],"curies":[{"name":"wp","href":"https:\/\/api.w.org\/{rel}","templated":true}]}}