{"id":2039,"date":"2018-02-06T23:43:30","date_gmt":"2018-02-06T22:43:30","guid":{"rendered":"https:\/\/www.hotelrimini.com\/live28042026\/live\/?page_id=2039\/"},"modified":"2018-05-13T18:04:28","modified_gmt":"2018-05-13T16:04:28","slug":"pokoje","status":"publish","type":"page","link":"https:\/\/www.hotelrimini.com\/pl\/pokoje\/","title":{"rendered":"Pokoje"},"content":{"rendered":"<h1>Pokoje<\/h1>\n<p>Pokoje w r\u00f3\u017cnych konfiguracjach, aby spe\u0142ni\u0107 najr\u00f3\u017cniejsze wymagania. Go\u015bcie<strong>\u00a0hotelu Rimini<\/strong>\u00a0w\u00a0<strong>Rzymie<\/strong>\u00a0to zar\u00f3wno klienci\u00a0<strong>biznesowi<\/strong>\u00a0i\u00a0<strong>korporacyjni<\/strong>\u00a0poszukuj\u0105cy elegancji, praktyczno\u015bci i komfortu, jak r\u00f3wnie\u017c\u00a0<strong>rodziny<\/strong>\u00a0korzystaj\u0105ce z ekonomicznych\u00a0<strong>pokoi trzy i czteroosobowych<\/strong>, w samym sercu atrakcji\u00a0<strong>zabytkowego centrum<\/strong>\u00a0w Rzymie,\u00a0<strong>blisko Szpitala Umberto 1<\/strong>.<\/p>\n<p>Hotel Rimini oferuje swoim go\u015bciom mo\u017cliwo\u015b\u0107 wyboru w\u015br\u00f3d\u00a0<strong>r\u00f3\u017cnych rodzaj\u00f3w zakwaterowania,<\/strong>\u00a0takich, kt\u00f3re najbardziej spe\u0142ni\u0105 ich oczekiwania: dysponuje pokojami jedno, dwu, trzy i czteroosobowymi. Niekt\u00f3re pokoje s\u0105 przeznaczone wy\u0142\u0105cznie dla niepal\u0105cych.<\/p>\n<p>Ka\u017cdy pok\u00f3j jest ca\u0142kowicie\u00a0<strong>wyciszony<\/strong>, aby zapewni\u0107 spokojny sen pomimo lokalizacji w centrum miasta. Aby uczyni\u0107 pobyt jeszcze bardziej przyjemnym, pokoje tego eleganckiego\u00a0<strong>rzymskiego hotelu<\/strong>\u00a0zosta\u0142y wyposa\u017cone we\u00a0<strong>wszelkie udogodnienia wysokiej jako\u015bci<\/strong>, takie jak klimatyzacja, telefon z bezpo\u015bredni\u0105 lini\u0105 z monitorem do nawigacji internetowej, sejf, minibar, tv satelitarna, wygodna \u0142azienka z wann\u0105 lub prysznicem z hydromasa\u017cem i suszark\u0105 do w\u0142os\u00f3w.<\/p>\n<p>Presti\u017cowa\u00a0<strong>Junior Suite<\/strong>\u00a0z salonem,\u00a0<strong>autonomiczn\u0105 kuchni\u0105<\/strong>\u00a0wewn\u0119trzn\u0105 i\u00a0<strong>panoramicznym tarasem<\/strong>\u00a0dost\u0119pna jest na niezapomniane rzymskie wakacje lub romantyczny\u00a0<strong>miesi\u0105c miodowy<\/strong>.<\/p>\n","protected":false},"excerpt":{"rendered":"<p>Pokoje Pokoje w r\u00f3\u017cnych konfiguracjach, aby spe\u0142ni\u0107 najr\u00f3\u017cniejsze wymagania. Go\u015bcie\u00a0hotelu Rimini\u00a0w\u00a0Rzymie\u00a0to zar\u00f3wno klienci\u00a0biznesowi\u00a0i\u00a0korporacyjni\u00a0poszukuj\u0105cy elegancji, praktyczno\u015bci i komfortu, jak r\u00f3wnie\u017c\u00a0rodziny\u00a0korzystaj\u0105ce z ekonomicznych\u00a0pokoi trzy i czteroosobowych, w samym sercu atrakcji\u00a0zabytkowego centrum\u00a0w Rzymie,\u00a0blisko Szpitala Umberto 1. Hotel Rimini oferuje swoim go\u015bciom mo\u017cliwo\u015b\u0107 wyboru w\u015br\u00f3d\u00a0r\u00f3\u017cnych rodzaj\u00f3w zakwaterowania,\u00a0takich, kt\u00f3re najbardziej spe\u0142ni\u0105 ich oczekiwania: dysponuje pokojami jedno, dwu, trzy i czteroosobowymi. [&hellip;]<\/p>\n","protected":false},"author":1,"featured_media":0,"parent":0,"menu_order":0,"comment_status":"closed","ping_status":"closed","template":"","meta":{"footnotes":""},"class_list":["post-2039","page","type-page","status-publish","hentry"],"_links":{"self":[{"href":"https:\/\/www.hotelrimini.com\/pl\/wp-json\/wp\/v2\/pages\/2039","targetHints":{"allow":["GET"]}}],"collection":[{"href":"https:\/\/www.hotelrimini.com\/pl\/wp-json\/wp\/v2\/pages"}],"about":[{"href":"https:\/\/www.hotelrimini.com\/pl\/wp-json\/wp\/v2\/types\/page"}],"author":[{"embeddable":true,"href":"https:\/\/www.hotelrimini.com\/pl\/wp-json\/wp\/v2\/users\/1"}],"replies":[{"embeddable":true,"href":"https:\/\/www.hotelrimini.com\/pl\/wp-json\/wp\/v2\/comments?post=2039"}],"version-history":[{"count":4,"href":"https:\/\/www.hotelrimini.com\/pl\/wp-json\/wp\/v2\/pages\/2039\/revisions"}],"predecessor-version":[{"id":2911,"href":"https:\/\/www.hotelrimini.com\/pl\/wp-json\/wp\/v2\/pages\/2039\/revisions\/2911"}],"wp:attachment":[{"href":"https:\/\/www.hotelrimini.com\/pl\/wp-json\/wp\/v2\/media?parent=2039"}],"curies":[{"name":"wp","href":"https:\/\/api.w.org\/{rel}","templated":true}]}}