{"id":1979,"date":"2018-02-04T23:17:29","date_gmt":"2018-02-04T22:17:29","guid":{"rendered":"https:\/\/www.hotelrimini.com\/live28042026\/live\/?page_id=1979\/"},"modified":"2018-02-17T20:20:01","modified_gmt":"2018-02-17T19:20:01","slug":"opis","status":"publish","type":"page","link":"https:\/\/www.hotelrimini.com\/pl\/opis\/","title":{"rendered":"Opis"},"content":{"rendered":"<h1>Opis<\/h1>\n<p>Atrakcyjna lokalizacja hotelu w zabytkowym centrum\u00a0<strong>Rzymu<\/strong>, dogodno\u015b\u0107 i po\u0142o\u017cenie blisko stacji Termini, czyni hotel Rimini atrakcyjnym\u00a0<strong>hotelem rodzinnym<\/strong>, z przestrzennymi, atrakcyjnymi pokojami (do 4 os\u00f3b). Ponadto, dzi\u0119ki wyposa\u017ceniu w us\u0142ugi takie jak internetowe po\u0142\u0105czenie wi-fi czy telewizja satelitarna jest praktycznym hotelem dla klient\u00f3w\u00a0<strong>biznesowych<\/strong>\u00a0oraz idealnym\u00a0<strong>dla ludzi m\u0142odych<\/strong>, poszukuj\u0105cych\u00a0<strong>niedrogiego<\/strong>\u00a0i wygodnego noclegu.<\/p>\n<p>Hotel Rimini znajduje si\u0119 w\u00a0<strong>eleganckim pa\u0142acu z XIX wieku<\/strong>. Niegdy\u015b by\u0142a to letnia rezydencja ksi\u0105\u017c\u0105t Cesarini Sforza. Ze swojej szlachetnej przesz\u0142o\u015bci pa\u0142ac zachowa\u0142 do dnia dzisiejszego oryginaln\u0105 struktur\u0119, wspania\u0142e marmury oraz<strong>\u00a0eleganck\u0105 i relaksuj\u0105c\u0105 atmosfer\u0119.<\/strong><\/p>\n<p>Pa\u0142ac jest w\u0142\u0105sno\u015bci\u0105 naszej rodziny od 1920 roku, w kt\u00f3rym zosta\u0142 przekszta\u0142cony w pensjonat i \u2013 z ka\u017cdym sezonem \u2013 wzbogacony o dodatkowe udogodnienia, aby pobyt w nim by\u0142 dla go\u015bci przyjemnym i niezapomnianym czasem.<\/p>\n<p>Od 2007 roku hotel Rimini w Rzymie nale\u017cy do grupy\u00a0<b>ECOWORLDHOTEL<\/b>: sieci\u00a0<b>niezale\u017cnych hoteli<\/b>\u00a0charakteryzuj\u0105cych si\u0119 przyj\u0119ciem polityki zarz\u0105dzania energi\u0105 i ochrony \u015brodowiska, poprzez dzia\u0142ania zmierzaj\u0105ce do stosowania\u00a0<b>materia\u0142\u00f3w ekologicznych<\/b>, wykorzystania lokalnych zasob\u00f3w i dostaw oraz metody oszcz\u0119dno\u015bci zu\u017cycia skierowane w stron\u0119\u00a0<b>polityki ekologicznej<\/b>, w celu ochrony \u015brodowiska i propagowania\u00a0<b>turystyki przyjaznej dla \u015brodowiska<\/b>.<\/p>\n<h2>Nasze us\u0142ugi<\/h2>\n<p>Co rano nasi go\u015bcie mog\u0105 skosztowa\u0107\u00a0<strong>urozmaiconego i smacznego \u015bniadania<\/strong>, wyr\u00f3\u017cnionego za najlepszy bufet przez presti\u017cowe pismo \u201cViaggi e Sapori\u201d.<br \/>\nDomowe wypieki, rogaliki prosto z pieca, \u015bwie\u017ce owoce sezonowe, wyb\u00f3r w\u0142oskich w\u0119dlin DOP oraz pachn\u0105cy chleb pieczony w piecu.<\/p>\n<p>\u015aniadanie podawane jest w sali restauracyjnej \u2013 niegdy\u015b by\u0142 to taras widokowy z widokiem na kopu\u0142y bazyliki \u201c\u015bwi\u0119tego serca\u201d i charakterystyczne rzymskie dachy. Dzi\u015b sala zosta\u0142a odnowiona w stylu \u201cold-english\u201d i udekorowana\u00a0<strong>reprodukcjami s\u0142ynnych autor\u00f3w.<\/strong>\u00a0Zawsze s\u0105 tam \u015bwie\u017ce, pachn\u0105ce i kolorowe kwiaty.<\/p>\n<p>Na aperitif, koktail lub przek\u0105ski go\u015bcie maj\u0105 do dyspozycji r\u00f3wnie\u017c\u00a0<strong>Snack Bar<\/strong>, idealne miejsce, aby zrelaksowa\u0107 si\u0119 po intensywnym dniu. Natomiast w celu spokojnego przejrzenia przewodnik\u00f3w i gazet mo\u017cna uda\u0107 si\u0119 do salonu-czytelni z cennym sufitem z oryginalnymi belkami z XIX wieku. Jeste\u015bmy w pe\u0142ni do dyspozycji go\u015bci w zakresie sugestii dotycz\u0105cych tras zwiedzania, polecania trattorii i lokalnych restauracji, organizowania objazd\u00f3w po mie\u015bcie i poza miastem, zamawiania bilet\u00f3w na wystawy, przedstawienia i imprezy sportowe, takie jak turniej\u00a0<b>Rugby 6 Narod\u00f3w<\/b>\u00a0lub\u00a0<b>Maraton Rzymski,\u00a0<\/b>a tak\u017ce mecze pi\u0142ki no\u017cnej na najwy\u017cszym poziomie, jak np.\u00a0<b>mistrzostwa W\u0142och<\/b>,\u00a0<b>Champions League<\/b>\u00a0i wiele innych.<\/p>\n","protected":false},"excerpt":{"rendered":"<p>Opis Atrakcyjna lokalizacja hotelu w zabytkowym centrum\u00a0Rzymu, dogodno\u015b\u0107 i po\u0142o\u017cenie blisko stacji Termini, czyni hotel Rimini atrakcyjnym\u00a0hotelem rodzinnym, z przestrzennymi, atrakcyjnymi pokojami (do 4 os\u00f3b). Ponadto, dzi\u0119ki wyposa\u017ceniu w us\u0142ugi takie jak internetowe po\u0142\u0105czenie wi-fi czy telewizja satelitarna jest praktycznym hotelem dla klient\u00f3w\u00a0biznesowych\u00a0oraz idealnym\u00a0dla ludzi m\u0142odych, poszukuj\u0105cych\u00a0niedrogiego\u00a0i wygodnego noclegu. Hotel Rimini znajduje si\u0119 w\u00a0eleganckim pa\u0142acu [&hellip;]<\/p>\n","protected":false},"author":1,"featured_media":0,"parent":0,"menu_order":0,"comment_status":"closed","ping_status":"closed","template":"","meta":{"footnotes":""},"class_list":["post-1979","page","type-page","status-publish","hentry"],"_links":{"self":[{"href":"https:\/\/www.hotelrimini.com\/pl\/wp-json\/wp\/v2\/pages\/1979","targetHints":{"allow":["GET"]}}],"collection":[{"href":"https:\/\/www.hotelrimini.com\/pl\/wp-json\/wp\/v2\/pages"}],"about":[{"href":"https:\/\/www.hotelrimini.com\/pl\/wp-json\/wp\/v2\/types\/page"}],"author":[{"embeddable":true,"href":"https:\/\/www.hotelrimini.com\/pl\/wp-json\/wp\/v2\/users\/1"}],"replies":[{"embeddable":true,"href":"https:\/\/www.hotelrimini.com\/pl\/wp-json\/wp\/v2\/comments?post=1979"}],"version-history":[{"count":5,"href":"https:\/\/www.hotelrimini.com\/pl\/wp-json\/wp\/v2\/pages\/1979\/revisions"}],"predecessor-version":[{"id":3039,"href":"https:\/\/www.hotelrimini.com\/pl\/wp-json\/wp\/v2\/pages\/1979\/revisions\/3039"}],"wp:attachment":[{"href":"https:\/\/www.hotelrimini.com\/pl\/wp-json\/wp\/v2\/media?parent=1979"}],"curies":[{"name":"wp","href":"https:\/\/api.w.org\/{rel}","templated":true}]}}