{"id":1921,"date":"2018-02-04T22:34:21","date_gmt":"2018-02-04T21:34:21","guid":{"rendered":"https:\/\/www.hotelrimini.com\/live28042026\/live\/?page_id=1921\/"},"modified":"2018-02-17T17:48:51","modified_gmt":"2018-02-17T16:48:51","slug":"home","status":"publish","type":"page","link":"https:\/\/www.hotelrimini.com\/pl\/","title":{"rendered":"Home"},"content":{"rendered":"<h1>Hotel niskobud\u017cetowy Rzym Termini<\/h1>\n<p><strong>W centrum Rzymu<\/strong>, w eleganckim dziewi\u0119tnastowiecznym budynku,\u00a0<strong>hotel Rimini ROMA jest wygodnym niskobud\u017cetowym hotelem<\/strong>\u00a0wygodnie usytuowanym obok dworca Termini, idealnym dla podr\u00f3\u017cuj\u0105cych s\u0142u\u017cbowo, w\u0119druj\u0105cych samodzielnie lub z rodzinami, docenianym dla swoich wn\u0119trz, wyposa\u017conym w internetow\u0105 \u0142\u0105czno\u015b\u0107\u00a0<strong>Wi-Fi bezp\u0142atn\u0105 dla go\u015bci, TV satelitarn\u0105 <\/strong>i przytuln\u0105 sal\u0105 widokow\u0105, w kt\u00f3rej podawane jest\u00a0<strong>smakowite \u015bniadanie typu bufet<\/strong>.<\/p>\n<p>W\u015br\u00f3d\u00a0<strong>trzygwiazdkowych hoteli<\/strong>\u00a0w\u00a0<strong>zabytkowym centrum<\/strong>\u00a0stolicy\u00a0<strong>hotel Rimini Roma<\/strong>\u00a0\u0142\u0105czy ponadczasowy urok Wiecznego Miasta z komfortem\u00a0<strong>niedrogiego, ale eleganckiego<\/strong>\u00a0i go\u015bcinnego\u00a0hotelu, z bogata\u02db oferta\u02db us?ug i udogodnien\u00b4. Us\u0142uga recepcji dost\u0119pna jest przez ca\u0142\u0105 dob\u0119, w ka\u017cdej chwili mo\u017cna zarezerwowa\u0107 bilety, taks\u00f3wk\u0119, autobus wahad\u0142owy, wycieczki i zwiedzanie z przewodnikiem Rzymu i okolic!<\/p>\n<p><strong>Ten trzygwiazdkowy hotel\u00a0<\/strong>w zabytkowym centrum Rzymu jest \u0142atwodost\u0119pny, Hotel Rimini Roma znajduje si\u0119 blisko dworca kolejowego i terminala, do i z portu lotniczego\u00a0<strong>Fiumicino oraz portu lotniczego Ciampino (Ryan Air i inne tanie linie)<\/strong>\u00a0osi\u0105galnych zar\u00f3wno dzi\u0119ki specjalnym bezpo\u015brednim poci\u0105gom, jak r\u00f3wnie\u017c liniom autobusowym Alitalia i Terravision, kt\u00f3rych p\u0119tle znajduj\u0105 si\u0119 mniej ni\u017c 50 metr\u00f3w od hotelu.<\/p>\n","protected":false},"excerpt":{"rendered":"<p>Hotel niskobud\u017cetowy Rzym Termini W centrum Rzymu, w eleganckim dziewi\u0119tnastowiecznym budynku,\u00a0hotel Rimini ROMA jest wygodnym niskobud\u017cetowym hotelem\u00a0wygodnie usytuowanym obok dworca Termini, idealnym dla podr\u00f3\u017cuj\u0105cych s\u0142u\u017cbowo, w\u0119druj\u0105cych samodzielnie lub z rodzinami, docenianym dla swoich wn\u0119trz, wyposa\u017conym w internetow\u0105 \u0142\u0105czno\u015b\u0107\u00a0Wi-Fi bezp\u0142atn\u0105 dla go\u015bci, TV satelitarn\u0105 i przytuln\u0105 sal\u0105 widokow\u0105, w kt\u00f3rej podawane jest\u00a0smakowite \u015bniadanie typu bufet. W\u015br\u00f3d\u00a0trzygwiazdkowych [&hellip;]<\/p>\n","protected":false},"author":1,"featured_media":0,"parent":0,"menu_order":0,"comment_status":"closed","ping_status":"closed","template":"","meta":{"footnotes":""},"class_list":["post-1921","page","type-page","status-publish","hentry"],"_links":{"self":[{"href":"https:\/\/www.hotelrimini.com\/pl\/wp-json\/wp\/v2\/pages\/1921","targetHints":{"allow":["GET"]}}],"collection":[{"href":"https:\/\/www.hotelrimini.com\/pl\/wp-json\/wp\/v2\/pages"}],"about":[{"href":"https:\/\/www.hotelrimini.com\/pl\/wp-json\/wp\/v2\/types\/page"}],"author":[{"embeddable":true,"href":"https:\/\/www.hotelrimini.com\/pl\/wp-json\/wp\/v2\/users\/1"}],"replies":[{"embeddable":true,"href":"https:\/\/www.hotelrimini.com\/pl\/wp-json\/wp\/v2\/comments?post=1921"}],"version-history":[{"count":6,"href":"https:\/\/www.hotelrimini.com\/pl\/wp-json\/wp\/v2\/pages\/1921\/revisions"}],"predecessor-version":[{"id":3025,"href":"https:\/\/www.hotelrimini.com\/pl\/wp-json\/wp\/v2\/pages\/1921\/revisions\/3025"}],"wp:attachment":[{"href":"https:\/\/www.hotelrimini.com\/pl\/wp-json\/wp\/v2\/media?parent=1921"}],"curies":[{"name":"wp","href":"https:\/\/api.w.org\/{rel}","templated":true}]}}