{"id":895,"date":"2017-05-18T20:21:04","date_gmt":"2017-05-18T18:21:04","guid":{"rendered":"https:\/\/www.hotelcorot.com\/live\/?page_id=895\/"},"modified":"2019-03-28T07:37:00","modified_gmt":"2019-03-28T06:37:00","slug":"chambres","status":"publish","type":"page","link":"https:\/\/www.hotelrimini.com\/fr\/chambres\/","title":{"rendered":"Chambres"},"content":{"rendered":"<h1>Chambres<\/h1>\n<p>Des chambres diff\u00e9rentes pour r\u00e9pondre aux exigences les plus vari\u00e9es. Les clients de l\u2019<strong>H\u00f4tel Rimini<\/strong>\u00a0de\u00a0<strong>Rome<\/strong>\u00a0appartiennent aussi bien \u00e0 la client\u00e8le\u00a0<strong>business<\/strong>\u00a0et\u00a0<strong>corporate<\/strong>\u00a0qui recherche l\u2019\u00e9l\u00e9gance, la praticit\u00e9 et le confort, qu\u2019aux\u00a0<strong>familles<\/strong>\u00a0qui appr\u00e9cient les\u00a0<strong>chambres triples et quadruples<\/strong>\u00a0\u00e9conomiques, au sein des attractions du\u00a0<strong>centre historique<\/strong>\u00a0de Rome, et\u00a0<strong>pr\u00e8s de l\u2019H\u00f4pital Umberto 1<\/strong>.<\/p>\n<p>L\u2019h\u00f4tel Rimini offre \u00e0 ses h\u00f4tes la possibilit\u00e9 de choisir parmi\u00a0<b>diff\u00e9rentes formules<\/b>\u00a0selon leurs exigences : l\u2019h\u00f4tel dispose en effet de chambres comprenant des singles, des doubles, des triples et des quadruples. Certaines chambres sont \u00e9galement exclusivement r\u00e9serv\u00e9es aux non fumeurs.<\/p>\n<p>Chaque chambre est compl\u00e8tement<b>\u00a0insonoris\u00e9e<\/b>\u00a0afin de vous assurer des nuits sereines et tranquilles malgr\u00e9 notre situation tr\u00e8s centrale. Afin de rendre votre s\u00e9jour encore plus agr\u00e9able, les chambres de cet \u00e9l\u00e9gant\u00a0<b>h\u00f4tel de Rome<\/b>\u00a0sont dot\u00e9es de\u00a0<b>conforts de grande qualit\u00e9<\/b>\u00a0comme la climatisation, le t\u00e9l\u00e9phone direct et une connexion Internet, un coffre-fort, un minibar, la TV satellite, ainsi qu\u2019une salle de bains individuelle avec baignoire ou douche hydromassage et s\u00e8che-cheveux.<\/p>\n","protected":false},"excerpt":{"rendered":"<p>Chambres Des chambres diff\u00e9rentes pour r\u00e9pondre aux exigences les plus vari\u00e9es. Les clients de l\u2019H\u00f4tel Rimini\u00a0de\u00a0Rome\u00a0appartiennent aussi bien \u00e0 la client\u00e8le\u00a0business\u00a0et\u00a0corporate\u00a0qui recherche l\u2019\u00e9l\u00e9gance, la praticit\u00e9 et le confort, qu\u2019aux\u00a0familles\u00a0qui appr\u00e9cient les\u00a0chambres triples et quadruples\u00a0\u00e9conomiques, au sein des attractions du\u00a0centre historique\u00a0de Rome, et\u00a0pr\u00e8s de l\u2019H\u00f4pital Umberto 1. L\u2019h\u00f4tel Rimini offre \u00e0 ses h\u00f4tes la possibilit\u00e9 de [&hellip;]<\/p>\n","protected":false},"author":1,"featured_media":0,"parent":0,"menu_order":0,"comment_status":"closed","ping_status":"closed","template":"","meta":{"footnotes":""},"class_list":["post-895","page","type-page","status-publish","hentry"],"_links":{"self":[{"href":"https:\/\/www.hotelrimini.com\/fr\/wp-json\/wp\/v2\/pages\/895","targetHints":{"allow":["GET"]}}],"collection":[{"href":"https:\/\/www.hotelrimini.com\/fr\/wp-json\/wp\/v2\/pages"}],"about":[{"href":"https:\/\/www.hotelrimini.com\/fr\/wp-json\/wp\/v2\/types\/page"}],"author":[{"embeddable":true,"href":"https:\/\/www.hotelrimini.com\/fr\/wp-json\/wp\/v2\/users\/1"}],"replies":[{"embeddable":true,"href":"https:\/\/www.hotelrimini.com\/fr\/wp-json\/wp\/v2\/comments?post=895"}],"version-history":[{"count":5,"href":"https:\/\/www.hotelrimini.com\/fr\/wp-json\/wp\/v2\/pages\/895\/revisions"}],"predecessor-version":[{"id":2022,"href":"https:\/\/www.hotelrimini.com\/fr\/wp-json\/wp\/v2\/pages\/895\/revisions\/2022"}],"wp:attachment":[{"href":"https:\/\/www.hotelrimini.com\/fr\/wp-json\/wp\/v2\/media?parent=895"}],"curies":[{"name":"wp","href":"https:\/\/api.w.org\/{rel}","templated":true}]}}