{"id":883,"date":"2017-05-18T19:48:57","date_gmt":"2017-05-18T17:48:57","guid":{"rendered":"https:\/\/www.hotelcorot.com\/live\/?page_id=883\/"},"modified":"2019-03-28T07:37:56","modified_gmt":"2019-03-28T06:37:56","slug":"hotel-rimini-rome","status":"publish","type":"page","link":"https:\/\/www.hotelrimini.com\/fr\/hotel-rimini-rome\/","title":{"rendered":"L\u2019H\u00f4tel"},"content":{"rendered":"<h1>L\u2019H\u00f4tel<\/h1>\n<p>La position int\u00e9ressante de l\u2019h\u00f4tel en plein centre historique de\u00a0<strong>Rome<\/strong>, sa commodit\u00e9 pour \u00eatre \u00e0 proximit\u00e9 de la Gare Termini fait de l\u2019H\u00f4tel Rimini un\u00a0<strong>h\u00f4tel pour les familles<\/strong>,\u00a0disposant de chambres spacieuses et accueillantes (jusqu\u2019\u00e0 4 personnes). De plus, il est \u00e9quip\u00e9 d\u2019une connexion\u00a0<strong>Internet wi-fi et de la TV par satellite<\/strong>, ce qui le rend id\u00e9al pour les exigences d\u00f9\u00a0<strong>affaires<\/strong>\u00a0et parfait\u00a0<strong>pour les jeunes<\/strong>\u00a0qui cherchent un logement\u00a0<strong>\u00e9conomique et confortable.<\/strong><\/p>\n<p>L\u2019h\u00f4tel Rimini se trouve dans un\u00a0<strong>\u00e9l\u00e9gant palais du 19\u00e8me<\/strong>, autrefois r\u00e9sidence d\u2019\u00e9t\u00e9 des princes Cesarini Sforza. Des fastes glorieux du pass\u00e9, le palais a conserv\u00e9, jusqu\u2019\u00e0 nos jours, sa structure originale, ses marbres splendides et une\u00a0<strong>atmosph\u00e8re \u00e9l\u00e9gante et d\u00e9contract\u00e9e<\/strong>.<\/p>\n<p>Le palais appartient \u00e0 notre famille depuis 1920, ann\u00e9e o\u00f9 il fut transform\u00e9 en pension et, saison apr\u00e8s saison, enrichi de confort et de services afin de rendre le s\u00e9jour des h\u00f4tes agr\u00e9able et inoubliable.<\/p>\n<p>Depuis 2007, l\u2019h\u00f4tel Rimini de Rome fait partie du groupe\u00a0<strong>ECOWORLDHOTEL<\/strong>\u00a0: une cha\u00eene d\u2019<strong>h\u00f4tels ind\u00e9pendants<\/strong>\u00a0qui se caract\u00e9rise par sa politique de gestion de l\u2019\u00e9nergie et de protection de l\u2019environnement, \u00e0 travers des initiatives telles que l\u2019utilisation de\u00a0<strong>mat\u00e9riaux \u00e9cologiques<\/strong>, ressources et fournitures locales et m\u00e9thodologies d\u2019\u00e9conomie d\u2019\u00e9nergie destin\u00e9es \u00e0 une\u00a0<strong>politique de sensibilit\u00e9 \u00e9cologique<\/strong>, pour prot\u00e9ger l\u2019environenment et diffuser un\u00a0<strong>tourisme soutenable<\/strong>.<\/p>\n\n\t\t<style type=\"text\/css\">\n\t\t\t#gallery-1 {\n\t\t\t\tmargin: auto;\n\t\t\t}\n\t\t\t#gallery-1 .gallery-item {\n\t\t\t\tfloat: left;\n\t\t\t\tmargin-top: 10px;\n\t\t\t\ttext-align: center;\n\t\t\t\twidth: 25%;\n\t\t\t}\n\t\t\t#gallery-1 img {\n\t\t\t\tborder: 2px solid #cfcfcf;\n\t\t\t}\n\t\t\t#gallery-1 .gallery-caption {\n\t\t\t\tmargin-left: 0;\n\t\t\t}\n\t\t\t\/* see gallery_shortcode() in wp-includes\/media.php *\/\n\t\t<\/style>\n\t\t<div id='gallery-1' class='gallery galleryid-883 gallery-columns-4 gallery-size-thumbnail'><dl class='gallery-item'>\n\t\t\t<dt class='gallery-icon landscape'>\n\t\t\t\t<a data-size=\"1000x600\" href='https:\/\/www.hotelrimini.com\/live28042026\/live\/wp-content\/uploads\/2018\/02\/description-02.jpg'><img loading=\"lazy\" decoding=\"async\" width=\"150\" height=\"150\" src=\"https:\/\/www.hotelrimini.com\/live28042026\/live\/wp-content\/uploads\/2018\/02\/description-02-150x150.jpg\" class=\"attachment-thumbnail size-thumbnail\" alt=\"\" \/><\/a>\n\t\t\t<\/dt><\/dl><dl class='gallery-item'>\n\t\t\t<dt class='gallery-icon landscape'>\n\t\t\t\t<a data-size=\"1280x794\" href='https:\/\/www.hotelrimini.com\/live28042026\/live\/wp-content\/uploads\/2018\/01\/4.jpg'><img loading=\"lazy\" decoding=\"async\" width=\"150\" height=\"150\" src=\"https:\/\/www.hotelrimini.com\/live28042026\/live\/wp-content\/uploads\/2018\/01\/4-150x150.jpg\" class=\"attachment-thumbnail size-thumbnail\" alt=\"\" \/><\/a>\n\t\t\t<\/dt><\/dl><dl class='gallery-item'>\n\t\t\t<dt class='gallery-icon landscape'>\n\t\t\t\t<a data-size=\"800x578\" href='https:\/\/www.hotelrimini.com\/live28042026\/live\/wp-content\/uploads\/2018\/02\/cd-hotel-048.jpg'><img loading=\"lazy\" decoding=\"async\" width=\"150\" height=\"150\" src=\"https:\/\/www.hotelrimini.com\/live28042026\/live\/wp-content\/uploads\/2018\/02\/cd-hotel-048-150x150.jpg\" class=\"attachment-thumbnail size-thumbnail\" alt=\"\" \/><\/a>\n\t\t\t<\/dt><\/dl><dl class='gallery-item'>\n\t\t\t<dt class='gallery-icon portrait'>\n\t\t\t\t<a data-size=\"409x600\" href='https:\/\/www.hotelrimini.com\/live28042026\/live\/wp-content\/uploads\/2018\/02\/cd-hotel-071.jpg'><img loading=\"lazy\" decoding=\"async\" width=\"150\" height=\"150\" src=\"https:\/\/www.hotelrimini.com\/live28042026\/live\/wp-content\/uploads\/2018\/02\/cd-hotel-071-150x150.jpg\" class=\"attachment-thumbnail size-thumbnail\" alt=\"\" \/><\/a>\n\t\t\t<\/dt><\/dl><br style=\"clear: both\" \/>\n\t\t<\/div>\n\n<h2>Nos\u00a0Services<\/h2>\n<p>Chaque matin, nos h\u00f4tes peuvent savourer un\u00a0<strong>d\u00e9licieux petit-d\u00e9jeuner complet<\/strong>, d\u00e9cr\u00e9t\u00e9 meilleur buffet par la revue prestigieuse \u201cViaggi e Sapori\u201d. Desserts faits maison, croissants tout juste sortis du four, fruits frais de saison, une s\u00e9lection de la charcuterie italienne DOP et pain encore chaud: le petit-d\u00e9jeuner est servi dans notre salle restaurant, autrefois terrasse panoramique avec vue sur les coupoles de la basilique du \u201csacr\u00e9 c\u0153ur\u201d et sur les toits caract\u00e9ristique de Rome, transform\u00e9e aujourd\u2019hui en style \u201cold-english\u201d, embellit par des\u00a0<strong>reproductions de c\u00e9l\u00e8bres tableaux d\u2019auteur<\/strong>\u00a0et toujours d\u00e9cor\u00e9e avec des fleurs fra\u00eeches parfum\u00e9es et multicolores.<\/p>\n<p>A l\u2019heure de l\u2019ap\u00e9ritif ou pour les petits creux, les h\u00f4tes peuvent se rendre au\u00a0<strong>Snack Bar<\/strong>\u00a0bien fourni, et se d\u00e9tendre apr\u00e8s une journ\u00e9e intense, ou se r\u00e9fugier, pour y feuilleter des guides et des revues, dans la paix intime du salon-biblioth\u00e8que, dont le plafond avec poutres apparentes date du 19\u00e8me si\u00e8cle. Nous sommes \u00e9galement \u00e0 votre compl\u00e8te disposition pour vous sugg\u00e9rer des itin\u00e9raires int\u00e9ressants pour d\u00e9couvrir la ville, pour vous conseiller des restaurants typiques, pour organiser un tour de la ville et \u00e0 l\u2019ext\u00e9rieur, pour r\u00e9server vos billets pour les expositions, spectacles et \u00e9v\u00e8nements sportifs tels que le tournoi de\u00a0<strong>Rugby des 6 Nations<\/strong>\u00a0ou le\u00a0<strong>Marathon de Rome<\/strong>\u00a0ainsi que le\u00a0<strong>championnat italien<\/strong>\u00a0et la\u00a0<strong>Ligue des Champions<\/strong>\u00a0et d\u2019autres encore.<\/p>\n","protected":false},"excerpt":{"rendered":"<p>L\u2019H\u00f4tel La position int\u00e9ressante de l\u2019h\u00f4tel en plein centre historique de\u00a0Rome, sa commodit\u00e9 pour \u00eatre \u00e0 proximit\u00e9 de la Gare Termini fait de l\u2019H\u00f4tel Rimini un\u00a0h\u00f4tel pour les familles,\u00a0disposant de chambres spacieuses et accueillantes (jusqu\u2019\u00e0 4 personnes). De plus, il est \u00e9quip\u00e9 d\u2019une connexion\u00a0Internet wi-fi et de la TV par satellite, ce qui le rend [&hellip;]<\/p>\n","protected":false},"author":1,"featured_media":0,"parent":0,"menu_order":0,"comment_status":"closed","ping_status":"closed","template":"","meta":{"footnotes":""},"class_list":["post-883","page","type-page","status-publish","hentry"],"_links":{"self":[{"href":"https:\/\/www.hotelrimini.com\/fr\/wp-json\/wp\/v2\/pages\/883","targetHints":{"allow":["GET"]}}],"collection":[{"href":"https:\/\/www.hotelrimini.com\/fr\/wp-json\/wp\/v2\/pages"}],"about":[{"href":"https:\/\/www.hotelrimini.com\/fr\/wp-json\/wp\/v2\/types\/page"}],"author":[{"embeddable":true,"href":"https:\/\/www.hotelrimini.com\/fr\/wp-json\/wp\/v2\/users\/1"}],"replies":[{"embeddable":true,"href":"https:\/\/www.hotelrimini.com\/fr\/wp-json\/wp\/v2\/comments?post=883"}],"version-history":[{"count":9,"href":"https:\/\/www.hotelrimini.com\/fr\/wp-json\/wp\/v2\/pages\/883\/revisions"}],"predecessor-version":[{"id":3691,"href":"https:\/\/www.hotelrimini.com\/fr\/wp-json\/wp\/v2\/pages\/883\/revisions\/3691"}],"wp:attachment":[{"href":"https:\/\/www.hotelrimini.com\/fr\/wp-json\/wp\/v2\/media?parent=883"}],"curies":[{"name":"wp","href":"https:\/\/api.w.org\/{rel}","templated":true}]}}