{"id":867,"date":"2017-05-18T19:09:40","date_gmt":"2017-05-18T17:09:40","guid":{"rendered":"https:\/\/www.hotelcorot.com\/live\/?page_id=867\/"},"modified":"2021-03-31T07:23:50","modified_gmt":"2021-03-31T05:23:50","slug":"home","status":"publish","type":"page","link":"https:\/\/www.hotelrimini.com\/fr\/","title":{"rendered":"Home"},"content":{"rendered":"<h2>H\u00f4tel pas cher Rome<\/h2>\n<p>En plein\u00a0<strong>centre historique de Rome<\/strong>, dans un \u00e9l\u00e9gant palais du 19\u00e8me, le\u00a0<strong>Rimini \u00a0est\u00a0parmis le Hotels pas cher \u00a0Rome un de plus confortable\u00a0<\/strong>tout pr\u00e8s de la Gare Termini, id\u00e9al pour qui arrive \u00e0 Rome pour affaires, jeunes et familles, appr\u00e9ci\u00e9 pour ses ambiances \u00e9quip\u00e9es avec\u00a0<strong>WiFi gratuit, t\u00e9l\u00e9vision par satellite avec programmation SKY<\/strong>\u00a0et une agr\u00e9able salle panoramique o\u00f9 un d\u00e9licieux petit d\u00e9jeuner\u00a0 vous est servi.<\/p>\n<p>Parmi les\u00a0<strong>h\u00f4tels 3 \u00e9toiles<\/strong>\u00a0en plein\u00a0<strong>centre historique<\/strong>\u00a0de la capitale, l\u2019<strong>H\u00f4tel Rimini de Rome<\/strong>\u00a0conjugue le charme intemporel de la Ville Eternelle avec le confort d\u2019un\u00a0<strong>h\u00f4tel \u00e9conomique<\/strong>\u00a0mais\u00a0<strong>\u00e9l\u00e9gant<\/strong>\u00a0et accueillant, riche en services et commodit\u00e9s. En particulier un service de R\u00e9ception disponibile 24h\/24 pour r\u00e9server tickets, taxi, shuttle, tours et visites guid\u00e9es de Rome et d\u2019autre encore!<\/p>\n<p>Cet\u00a0<strong>h\u00f4tel 3 \u00e9toiles dans le centre historique de Rome<\/strong>,\u00a0est facilement accessible car l\u2019H\u00f4tel Rimini de Rome se situe \u00e0 proximit\u00e9 de la gare ferroviaire et du terminus de et pour l\u2019<strong>a\u00e9roports de Fiumicino<\/strong>\u00a0et de\u00a0<strong>Ciampino<\/strong>(Ryan Air et autres compagnies a\u00e9riennes Low Cost), rejoindrable avec des trains directs et avec les services de bus Alitalia et Terravision avec arr\u00eat terminus \u00e0 moins de 50 mt. de l\u2019h\u00f4tel.<\/p>\n","protected":false},"excerpt":{"rendered":"<p>H\u00f4tel pas cher Rome En plein\u00a0centre historique de Rome, dans un \u00e9l\u00e9gant palais du 19\u00e8me, le\u00a0Rimini \u00a0est\u00a0parmis le Hotels pas cher \u00a0Rome un de plus confortable\u00a0tout pr\u00e8s de la Gare Termini, id\u00e9al pour qui arrive \u00e0 Rome pour affaires, jeunes et familles, appr\u00e9ci\u00e9 pour ses ambiances \u00e9quip\u00e9es avec\u00a0WiFi gratuit, t\u00e9l\u00e9vision par satellite avec programmation SKY\u00a0et [&hellip;]<\/p>\n","protected":false},"author":1,"featured_media":0,"parent":0,"menu_order":0,"comment_status":"closed","ping_status":"closed","template":"","meta":{"footnotes":""},"class_list":["post-867","page","type-page","status-publish","hentry"],"_links":{"self":[{"href":"https:\/\/www.hotelrimini.com\/fr\/wp-json\/wp\/v2\/pages\/867","targetHints":{"allow":["GET"]}}],"collection":[{"href":"https:\/\/www.hotelrimini.com\/fr\/wp-json\/wp\/v2\/pages"}],"about":[{"href":"https:\/\/www.hotelrimini.com\/fr\/wp-json\/wp\/v2\/types\/page"}],"author":[{"embeddable":true,"href":"https:\/\/www.hotelrimini.com\/fr\/wp-json\/wp\/v2\/users\/1"}],"replies":[{"embeddable":true,"href":"https:\/\/www.hotelrimini.com\/fr\/wp-json\/wp\/v2\/comments?post=867"}],"version-history":[{"count":8,"href":"https:\/\/www.hotelrimini.com\/fr\/wp-json\/wp\/v2\/pages\/867\/revisions"}],"predecessor-version":[{"id":4441,"href":"https:\/\/www.hotelrimini.com\/fr\/wp-json\/wp\/v2\/pages\/867\/revisions\/4441"}],"wp:attachment":[{"href":"https:\/\/www.hotelrimini.com\/fr\/wp-json\/wp\/v2\/media?parent=867"}],"curies":[{"name":"wp","href":"https:\/\/api.w.org\/{rel}","templated":true}]}}