{"id":2529,"date":"2018-02-10T23:36:34","date_gmt":"2018-02-10T22:36:34","guid":{"rendered":"https:\/\/www.hotelrimini.com\/live28042026\/live\/?page_id=2529"},"modified":"2018-02-10T23:39:14","modified_gmt":"2018-02-10T22:39:14","slug":"sijainti","status":"publish","type":"page","link":"https:\/\/www.hotelrimini.com\/fi\/sijainti\/","title":{"rendered":"Sijainti"},"content":{"rendered":"<h1>Sijainti<\/h1>\n<p>Rooman Hotel Rimini sijaitsee strategisessa kohdassa\u00a0<strong>liikematkustajan<\/strong>\u00a0kannalta, koska se on l\u00e4hell\u00e4\u00a0<strong>l\u00e4\u00e4ninhallituksen virastoja<\/strong>,\u00a0<strong>ministeri\u00f6it\u00e4<\/strong>,\u00a0<strong>La Sapienza -yliopistoa<\/strong>\u00a0ja\u00a0<strong>Umberto I:n poliklinikkaa<\/strong>, poliisikorkeakoulua sek\u00e4\u00a0<strong>sis\u00e4-, ty\u00f6- ja puolustusministeri\u00f6it\u00e4<\/strong>. Rooman vanhassakaupungissa, t\u00e4rkeimpien muistomerkkien v\u00e4liss\u00e4 ja l\u00e4hell\u00e4 Teatro dell\u2019Operaa sijaitseva hotelli soveltuu my\u00f6s\u00a0<strong>vapaa-ajan matkailijalle<\/strong>.<\/p>\n<p>Hotel Rimini on\u00a0<strong>Castro Pretorion korttelissa<\/strong>\u00a0Roma Terminin keskusrautatieaseman ja Citt\u00e0 Universitaria -kampuksen v\u00e4liss\u00e4, ja sattumoisin Italian matkailuj\u00e4rjest\u00f6n p\u00e4\u00e4toimipaikan edess\u00e4.<\/p>\n<p>Castro Pretorion vanhalle kaupunginosalle ovat todellakin tyypillisi\u00e4\u00a0<strong>merkitt\u00e4v\u00e4t julkiset rakennukset<\/strong>, kuten kansalliskirjasto Biblioteca Nazionale, Palazzo Massimon arkeologinen museo, tuomarilaitoksen korkean neuvoston toimitalo ja arvostettu La Sapienza -yliopisto.<\/p>\n<p><strong>Ehdottoman keskeinen sijainti<\/strong>\u00a0mahdollistaa nopean siirtymisen keskeisiin historiallisiin, kulttuuri- ja liike-el\u00e4m\u00e4n kohteisiin sek\u00e4 jalan kuin kaupungin l\u00e4pi kulkevien julkisten liikennev\u00e4lineiden tehokkaan verkon v\u00e4lityksell\u00e4.<\/p>\n<p>T\u00e4\u00e4lt\u00e4 nimitt\u00e4in l\u00e4htev\u00e4t kaupungin t\u00e4rkeimm\u00e4t bussilinjat sek\u00e4 metrolinjat A ja B. Niill\u00e4 p\u00e4\u00e4see nopeasti strategisiin kohteisiin, esimerkkein\u00e4\u00a0<strong>Vatikaani<\/strong>\u00a0ja\u00a0<strong>Pietarinkirkko<\/strong>\u00a0sek\u00e4\u00a0<strong>Vatikaanin museot<\/strong>,\u00a0<strong>piazza di Spagna<\/strong>\u00a0-aukio ja sen\u00a0<strong>Fontana<\/strong>\u00a0di\u00a0<strong>Trevi<\/strong>\u00a0-suihkul\u00e4hde,\u00a0<strong>Olympiastadion<\/strong>, uusi messukeskus\u00a0<strong>Fiera di Roma<\/strong>. Ehdottomia\u00a0<strong>luksusostospaikkoja<\/strong>\u00a0ovat kuuluisat via Condotti ja via del Corso samoin kuin Rooman uudet\u00a0<strong>kauppakeskukset<\/strong>, joista mukaasi tarttuu varmasti todellisia l\u00f6yt\u00f6j\u00e4 kes\u00e4- ja talvialennusmyyntien aikaan.<\/p>\n","protected":false},"excerpt":{"rendered":"<p>Sijainti Rooman Hotel Rimini sijaitsee strategisessa kohdassa\u00a0liikematkustajan\u00a0kannalta, koska se on l\u00e4hell\u00e4\u00a0l\u00e4\u00e4ninhallituksen virastoja,\u00a0ministeri\u00f6it\u00e4,\u00a0La Sapienza -yliopistoa\u00a0ja\u00a0Umberto I:n poliklinikkaa, poliisikorkeakoulua sek\u00e4\u00a0sis\u00e4-, ty\u00f6- ja puolustusministeri\u00f6it\u00e4. Rooman vanhassakaupungissa, t\u00e4rkeimpien muistomerkkien v\u00e4liss\u00e4 ja l\u00e4hell\u00e4 Teatro dell\u2019Operaa sijaitseva hotelli soveltuu my\u00f6s\u00a0vapaa-ajan matkailijalle. Hotel Rimini on\u00a0Castro Pretorion korttelissa\u00a0Roma Terminin keskusrautatieaseman ja Citt\u00e0 Universitaria -kampuksen v\u00e4liss\u00e4, ja sattumoisin Italian matkailuj\u00e4rjest\u00f6n p\u00e4\u00e4toimipaikan edess\u00e4. Castro Pretorion [&hellip;]<\/p>\n","protected":false},"author":1,"featured_media":0,"parent":0,"menu_order":0,"comment_status":"closed","ping_status":"closed","template":"","meta":{"footnotes":""},"class_list":["post-2529","page","type-page","status-publish","hentry"],"_links":{"self":[{"href":"https:\/\/www.hotelrimini.com\/fi\/wp-json\/wp\/v2\/pages\/2529","targetHints":{"allow":["GET"]}}],"collection":[{"href":"https:\/\/www.hotelrimini.com\/fi\/wp-json\/wp\/v2\/pages"}],"about":[{"href":"https:\/\/www.hotelrimini.com\/fi\/wp-json\/wp\/v2\/types\/page"}],"author":[{"embeddable":true,"href":"https:\/\/www.hotelrimini.com\/fi\/wp-json\/wp\/v2\/users\/1"}],"replies":[{"embeddable":true,"href":"https:\/\/www.hotelrimini.com\/fi\/wp-json\/wp\/v2\/comments?post=2529"}],"version-history":[{"count":1,"href":"https:\/\/www.hotelrimini.com\/fi\/wp-json\/wp\/v2\/pages\/2529\/revisions"}],"predecessor-version":[{"id":2530,"href":"https:\/\/www.hotelrimini.com\/fi\/wp-json\/wp\/v2\/pages\/2529\/revisions\/2530"}],"wp:attachment":[{"href":"https:\/\/www.hotelrimini.com\/fi\/wp-json\/wp\/v2\/media?parent=2529"}],"curies":[{"name":"wp","href":"https:\/\/api.w.org\/{rel}","templated":true}]}}