{"id":2035,"date":"2018-02-06T23:40:11","date_gmt":"2018-02-06T22:40:11","guid":{"rendered":"https:\/\/www.hotelrimini.com\/live28042026\/live\/?page_id=2035\/"},"modified":"2018-05-13T18:02:05","modified_gmt":"2018-05-13T16:02:05","slug":"huoneet-hotel-rimini","status":"publish","type":"page","link":"https:\/\/www.hotelrimini.com\/fi\/huoneet-hotel-rimini\/","title":{"rendered":"Huoneet"},"content":{"rendered":"<p>Tarjoamme erilaisia huoneita erilaisiin tarpeisiin.\u00a0<strong>Roomalaisen\u00a0<\/strong><strong>Hotel Riminin<\/strong>\u00a0asiakkaat vaihtelevat\u00a0<strong>liikematkustajista<\/strong>\u00a0ja\u00a0<strong>yritysjohdosta<\/strong>, jotka kaipaavat tyyli\u00e4, k\u00e4yt\u00e4nn\u00f6llisyytt\u00e4 ja mukavuutta,\u00a0<strong>perheisiin<\/strong>, jotka arvostavat edullisia\u00a0<strong>3:n ja 4 hengen huoneita<\/strong>. Hotellimme on keskell\u00e4 Rooman\u00a0<strong>vanhankaupungin<\/strong>\u00a0houkutuksia mutta l\u00e4hell\u00e4\u00a0<strong>Umberto 1 -sairaalaa<\/strong>.<\/p>\n<p>Hotel Rimini tarjoaa vierailleen mahdollisuuden valita\u00a0<strong>erilaisista y\u00f6pymismahdollisuuksista<\/strong>\u00a0juuri heille sopivan: hotellin huonetta jakautuvat yhden, kahden, kolmen ja nelj\u00e4n hengen huoneisiin. Lis\u00e4ksi osat huoneista on varattu tupakoimattomille asiakkaille.<\/p>\n<p>Jokainen huone on t\u00e4ysin\u00a0<strong>\u00e4\u00e4nieristetty<\/strong>, jotta y\u00f6unesi ei h\u00e4iriinny keskeisest\u00e4 sijainnista huolimatta. Oleskelun miellytt\u00e4vyytt\u00e4 lis\u00e4\u00e4v\u00e4t edelleen tyylikk\u00e4\u00e4n\u00a0<strong>roomalaishotellimme<\/strong>\u00a0huoneissa olevat\u00a0<strong>laadukkaat mukavuudet<\/strong>, kuten ilmastointi, puhelin Internet-n\u00e4yt\u00f6ll\u00e4, tallelokero, minibaari, satelliitti-tv ja mukava kylpyhuone, jonka varusteisiin kuuluvat amme tai hierova suihku sek\u00e4 hiustenkuivaaja.<\/p>\n<p>Upea\u00a0<strong>Junior Suite<\/strong>\u00a0-sviitti sis\u00e4lt\u00e4\u00e4 olohuoneen,\u00a0<strong>oman keitti\u00f6n<\/strong>\u00a0ja\u00a0<strong>n\u00e4k\u00f6alaterassin<\/strong>. Se on suunniteltu niille vieraille, jotka haluavat viett\u00e4\u00e4 unohtumattoman loman tai tehd\u00e4 Roomaan romanttisen\u00a0<strong>h\u00e4\u00e4matkan<\/strong>.<\/p>\n","protected":false},"excerpt":{"rendered":"<p>Tarjoamme erilaisia huoneita erilaisiin tarpeisiin.\u00a0Roomalaisen\u00a0Hotel Riminin\u00a0asiakkaat vaihtelevat\u00a0liikematkustajista\u00a0ja\u00a0yritysjohdosta, jotka kaipaavat tyyli\u00e4, k\u00e4yt\u00e4nn\u00f6llisyytt\u00e4 ja mukavuutta,\u00a0perheisiin, jotka arvostavat edullisia\u00a03:n ja 4 hengen huoneita. Hotellimme on keskell\u00e4 Rooman\u00a0vanhankaupungin\u00a0houkutuksia mutta l\u00e4hell\u00e4\u00a0Umberto 1 -sairaalaa. Hotel Rimini tarjoaa vierailleen mahdollisuuden valita\u00a0erilaisista y\u00f6pymismahdollisuuksista\u00a0juuri heille sopivan: hotellin huonetta jakautuvat yhden, kahden, kolmen ja nelj\u00e4n hengen huoneisiin. Lis\u00e4ksi osat huoneista on varattu tupakoimattomille asiakkaille. Jokainen [&hellip;]<\/p>\n","protected":false},"author":1,"featured_media":0,"parent":0,"menu_order":0,"comment_status":"closed","ping_status":"closed","template":"","meta":{"footnotes":""},"class_list":["post-2035","page","type-page","status-publish","hentry"],"_links":{"self":[{"href":"https:\/\/www.hotelrimini.com\/fi\/wp-json\/wp\/v2\/pages\/2035","targetHints":{"allow":["GET"]}}],"collection":[{"href":"https:\/\/www.hotelrimini.com\/fi\/wp-json\/wp\/v2\/pages"}],"about":[{"href":"https:\/\/www.hotelrimini.com\/fi\/wp-json\/wp\/v2\/types\/page"}],"author":[{"embeddable":true,"href":"https:\/\/www.hotelrimini.com\/fi\/wp-json\/wp\/v2\/users\/1"}],"replies":[{"embeddable":true,"href":"https:\/\/www.hotelrimini.com\/fi\/wp-json\/wp\/v2\/comments?post=2035"}],"version-history":[{"count":4,"href":"https:\/\/www.hotelrimini.com\/fi\/wp-json\/wp\/v2\/pages\/2035\/revisions"}],"predecessor-version":[{"id":2869,"href":"https:\/\/www.hotelrimini.com\/fi\/wp-json\/wp\/v2\/pages\/2035\/revisions\/2869"}],"wp:attachment":[{"href":"https:\/\/www.hotelrimini.com\/fi\/wp-json\/wp\/v2\/media?parent=2035"}],"curies":[{"name":"wp","href":"https:\/\/api.w.org\/{rel}","templated":true}]}}