{"id":1965,"date":"2018-02-04T23:15:50","date_gmt":"2018-02-04T22:15:50","guid":{"rendered":"https:\/\/www.hotelrimini.com\/live28042026\/live\/?page_id=1965\/"},"modified":"2018-02-17T19:53:18","modified_gmt":"2018-02-17T18:53:18","slug":"kuvaus-hotel-rimini","status":"publish","type":"page","link":"https:\/\/www.hotelrimini.com\/fi\/kuvaus-hotel-rimini\/","title":{"rendered":"Kuvaus"},"content":{"rendered":"<h1>Kuvaus<\/h1>\n<p>Hotellin houkutteleva sijainti aivan\u00a0<strong>Rooman<\/strong>\u00a0vanhassakaupungissa, sen mukavuus ja Terminin rautatieaseman l\u00e4heisyys tekev\u00e4t Hotel Riminist\u00e4 oivan\u00a0<strong>perhehotellin<\/strong>. Hotellissa on tilavat ja kodikkaat huoneet (jopa 4 hengelle). Lis\u00e4ksi palveluvalikoima, johon kuuluvat muun muassa wifi-Internet-yhteys ja satelliitti-tv, takaa k\u00e4tevyyden niin\u00a0<strong>liikematkustajille<\/strong>\u00a0kuin\u00a0<strong>nuorillekin<\/strong>, jotka etsiv\u00e4t\u00a0<strong>edullista<\/strong>\u00a0ja mukavaa y\u00f6sijaa.<\/p>\n<p>Hotel Rimini sijaitsee\u00a0<strong>vieh\u00e4tt\u00e4v\u00e4ss\u00e4 1800-luvun kaupunkitalossa<\/strong>, joka oli aikoinaan Cesarini Sforzan ruhtinaiden kes\u00e4asuntona. Juhlavasta menneisyydest\u00e4 talossa on s\u00e4ilynyt meid\u00e4n p\u00e4iviimme asti alkuper\u00e4inen huonej\u00e4rjestys, ihastuttavat marmorikoristelut ja\u00a0<strong>elegantti ja rentouttava ilmapiiri.<\/strong><\/p>\n<p>Talo on kuulunut perheellemme vuodesta 1920 jolloin, jolloin se muutettiin t\u00e4ysihoitolaksi. Vuosi vuodelta rakensimme lis\u00e4\u00e4 mukavuuksia ja otimme valikoimaan uusia palveluja, joiden ansiosta vieraidemme loma sujuu miellytt\u00e4v\u00e4sti ja unohtumattomasti.<\/p>\n<p>Vuodesta 2007 lukien Rooman Hotel Rimini on kuulunut\u00a0<b>ECOWORLDHOTEL<\/b>-konserniin: ketju muodostuu\u00a0<b>itsen\u00e4isist\u00e4 hotelleista<\/b>, joille on leimallista energianhallinnan ja ymp\u00e4rist\u00f6asioiden huomioiminen muun muassa k\u00e4ytt\u00e4m\u00e4ll\u00e4\u00a0<b>ymp\u00e4rist\u00f6yst\u00e4v\u00e4llisi\u00e4 materiaaleja<\/b>, paikallisia resursseja ja toimittajia sek\u00e4 kulutusta v\u00e4hent\u00e4vi\u00e4 menetelmi\u00e4, joiden tavoitteena on\u00a0<b>ymp\u00e4rist\u00f6painoitteiset toimintaperiaatteet<\/b>, ymp\u00e4rist\u00f6nsuojelu ja\u00a0<b>kest\u00e4v\u00e4n matkailun<\/b>\u00a0edist\u00e4minen.<\/p>\n<h2>Palvelumme<\/h2>\n<p>Joka aamu vieraamme voivat nauttia\u00a0<strong>runsaan ja herkullisen aamiaisen<\/strong>, joka on saanut parhaan seisovan p\u00f6yd\u00e4n palkinnon arvostetulta aikakauslehdelt\u00e4 \u201cViaggi e Sapori\u201d.<br \/>\nOmatekoiset j\u00e4lkiruoat, juuri uunista otetut voisarvet, vuodenajan tuoreet hedelm\u00e4t, valikoima alkuper\u00e4suojattuja italialaisia leikkeleit\u00e4 ja tuoksuvaa leip\u00e4\u00e4 uunista.<\/p>\n<p>Aamiainen tarjoillaan ravintolasalissa, joka on ollut ennen n\u00e4k\u00f6alaterassi kohti \u201csacro cuoren\u201d basilikan kupoleita ja Roman tyypillisi\u00e4 katton\u00e4kymi\u00e4. Nykyisin \u201cOld-English\u201d-tyyliin ravintolaksi kunnostetussa salissa on\u00a0<strong>kuuluisien mestareiden maalausten j\u00e4ljenn\u00f6ksi\u00e4<\/strong>\u00a0ja freskoja sek\u00e4 moniv\u00e4risi\u00e4 tuoksuvia kukkaryhmi\u00e4.<\/p>\n<p>Aperitiivia, cocktaileja ja v\u00e4lipaloja varten hotellimme vierailla on k\u00e4ytett\u00e4viss\u00e4\u00e4n my\u00f6s\u00a0<strong>Snack Bar<\/strong>, jossa on mukava lev\u00e4t\u00e4 touhukkaan p\u00e4iv\u00e4n j\u00e4lkeen. Aikaa voi viett\u00e4\u00e4 my\u00f6s selailemalla matkaoppaita ja aikakauslehti\u00e4 rauhallisessa lukusalissamme, jonka katossa on edelleen n\u00e4kyviss\u00e4 1800-luvun alkuper\u00e4iset kattopalkit. Tarjoamme asiakkaillemme mielell\u00e4mme ehdotuksia vaikuttaviksi k\u00e4velyreiteiksi kaupungilla, suosittelemme tyypillisi\u00e4 lounas- ja iltaravintoloita, j\u00e4rjest\u00e4mme kiertoajeluita kaupungissa ja sen ulkopuolella, varaamme liput n\u00e4yttelyihin, teattereihin ja urheilutapahtumiin, kuten\u00a0<b>6 maan rugbyturnaukseen<\/b>\u00a0tai\u00a0<b>Rooman maratonille<\/b>\u00a0tai\u00a0<b>Italian mestaruussarjan\u00a0<\/b>ja\u00a0<b>Mestareiden liigan<\/b>\u00a0jalkapallo-otteluihin ja moneen muuhun tapahtumaan.<\/p>\n","protected":false},"excerpt":{"rendered":"<p>Kuvaus Hotellin houkutteleva sijainti aivan\u00a0Rooman\u00a0vanhassakaupungissa, sen mukavuus ja Terminin rautatieaseman l\u00e4heisyys tekev\u00e4t Hotel Riminist\u00e4 oivan\u00a0perhehotellin. Hotellissa on tilavat ja kodikkaat huoneet (jopa 4 hengelle). Lis\u00e4ksi palveluvalikoima, johon kuuluvat muun muassa wifi-Internet-yhteys ja satelliitti-tv, takaa k\u00e4tevyyden niin\u00a0liikematkustajille\u00a0kuin\u00a0nuorillekin, jotka etsiv\u00e4t\u00a0edullista\u00a0ja mukavaa y\u00f6sijaa. Hotel Rimini sijaitsee\u00a0vieh\u00e4tt\u00e4v\u00e4ss\u00e4 1800-luvun kaupunkitalossa, joka oli aikoinaan Cesarini Sforzan ruhtinaiden kes\u00e4asuntona. Juhlavasta menneisyydest\u00e4 talossa [&hellip;]<\/p>\n","protected":false},"author":1,"featured_media":0,"parent":0,"menu_order":0,"comment_status":"closed","ping_status":"closed","template":"","meta":{"footnotes":""},"class_list":["post-1965","page","type-page","status-publish","hentry"],"_links":{"self":[{"href":"https:\/\/www.hotelrimini.com\/fi\/wp-json\/wp\/v2\/pages\/1965","targetHints":{"allow":["GET"]}}],"collection":[{"href":"https:\/\/www.hotelrimini.com\/fi\/wp-json\/wp\/v2\/pages"}],"about":[{"href":"https:\/\/www.hotelrimini.com\/fi\/wp-json\/wp\/v2\/types\/page"}],"author":[{"embeddable":true,"href":"https:\/\/www.hotelrimini.com\/fi\/wp-json\/wp\/v2\/users\/1"}],"replies":[{"embeddable":true,"href":"https:\/\/www.hotelrimini.com\/fi\/wp-json\/wp\/v2\/comments?post=1965"}],"version-history":[{"count":5,"href":"https:\/\/www.hotelrimini.com\/fi\/wp-json\/wp\/v2\/pages\/1965\/revisions"}],"predecessor-version":[{"id":3033,"href":"https:\/\/www.hotelrimini.com\/fi\/wp-json\/wp\/v2\/pages\/1965\/revisions\/3033"}],"wp:attachment":[{"href":"https:\/\/www.hotelrimini.com\/fi\/wp-json\/wp\/v2\/media?parent=1965"}],"curies":[{"name":"wp","href":"https:\/\/api.w.org\/{rel}","templated":true}]}}