{"id":187,"date":"2016-12-31T03:35:29","date_gmt":"2016-12-31T02:35:29","guid":{"rendered":"https:\/\/www.hotelcorot.com\/live\/posizione\/"},"modified":"2019-03-28T08:03:33","modified_gmt":"2019-03-28T07:03:33","slug":"posicion","status":"publish","type":"page","link":"https:\/\/www.hotelrimini.com\/es\/posicion\/","title":{"rendered":"Posici\u00f3n"},"content":{"rendered":"<h1>Hotel cerca de la estaci\u00f3n Termini<\/h1>\n<p>El Hotel Rimini de Roma es un Hotel cerca de la estaci\u00f3n Termini,\u00a0\u00a0en una zona estrat\u00e9gica para los clientes en\u00a0<strong>viaje de negocios<\/strong>, puesto que est\u00e1 cerca de las\u00a0<strong>oficinas de la Jefatura de Polic\u00eda<\/strong>, los\u00a0<strong>ministerios<\/strong>, la\u00a0<strong>Universidad La Sapienza<\/strong>\u00a0y el\u00a0<strong>Policl\u00ednico Umberto I<\/strong>, la Escuela Superior de Polic\u00eda y los\u00a0<strong>Ministerios<\/strong>\u00a0del Interior, de Obras P\u00fablicas y de la Defensa. El hotel resulta tambi\u00e9n ideal para pasar una estancia de\u00a0<strong>vacaciones<\/strong>, gracias a su ubicaci\u00f3n en el casco antiguo de Roma, entre los principales monumentos y pr\u00f3ximo al Teatro de la \u00d3pera.<\/p>\n<p>El Hotel Rimini se encuentra en el\u00a0<strong>Rione di Castro Pretorio<\/strong>, entre la Estaci\u00f3n Central de Roma Termini y la Ciudad Universitaria, precisamente frente a la sede del Ente Nazionale Italiano per il Turismo.<\/p>\n\n\t\t<style type=\"text\/css\">\n\t\t\t#gallery-1 {\n\t\t\t\tmargin: auto;\n\t\t\t}\n\t\t\t#gallery-1 .gallery-item {\n\t\t\t\tfloat: left;\n\t\t\t\tmargin-top: 10px;\n\t\t\t\ttext-align: center;\n\t\t\t\twidth: 25%;\n\t\t\t}\n\t\t\t#gallery-1 img {\n\t\t\t\tborder: 2px solid #cfcfcf;\n\t\t\t}\n\t\t\t#gallery-1 .gallery-caption {\n\t\t\t\tmargin-left: 0;\n\t\t\t}\n\t\t\t\/* see gallery_shortcode() in wp-includes\/media.php *\/\n\t\t<\/style>\n\t\t<div id='gallery-1' class='gallery galleryid-187 gallery-columns-4 gallery-size-thumbnail'><dl class='gallery-item'>\n\t\t\t<dt class='gallery-icon landscape'>\n\t\t\t\t<a data-size=\"1920x1440\" href='https:\/\/www.hotelrimini.com\/live28042026\/live\/wp-content\/uploads\/2018\/01\/spanish-steps.jpg'><img loading=\"lazy\" decoding=\"async\" width=\"150\" height=\"150\" src=\"https:\/\/www.hotelrimini.com\/live28042026\/live\/wp-content\/uploads\/2018\/01\/spanish-steps-150x150.jpg\" class=\"attachment-thumbnail size-thumbnail\" alt=\"\" \/><\/a>\n\t\t\t<\/dt><\/dl><dl class='gallery-item'>\n\t\t\t<dt class='gallery-icon landscape'>\n\t\t\t\t<a data-size=\"1217x694\" href='https:\/\/www.hotelrimini.com\/live28042026\/live\/wp-content\/uploads\/2018\/01\/colosseo-thinkstock.jpg'><img loading=\"lazy\" decoding=\"async\" width=\"150\" height=\"150\" src=\"https:\/\/www.hotelrimini.com\/live28042026\/live\/wp-content\/uploads\/2018\/01\/colosseo-thinkstock-150x150.jpg\" class=\"attachment-thumbnail size-thumbnail\" alt=\"\" \/><\/a>\n\t\t\t<\/dt><\/dl><dl class='gallery-item'>\n\t\t\t<dt class='gallery-icon landscape'>\n\t\t\t\t<a data-size=\"600x600\" href='https:\/\/www.hotelrimini.com\/live28042026\/live\/wp-content\/uploads\/2018\/02\/fontana_trevi.jpg'><img loading=\"lazy\" decoding=\"async\" width=\"150\" height=\"150\" src=\"https:\/\/www.hotelrimini.com\/live28042026\/live\/wp-content\/uploads\/2018\/02\/fontana_trevi-150x150.jpg\" class=\"attachment-thumbnail size-thumbnail\" alt=\"\" srcset=\"https:\/\/www.hotelrimini.com\/live28042026\/live\/wp-content\/uploads\/2018\/02\/fontana_trevi-150x150.jpg 150w, https:\/\/www.hotelrimini.com\/live28042026\/live\/wp-content\/uploads\/2018\/02\/fontana_trevi-300x300.jpg 300w, https:\/\/www.hotelrimini.com\/live28042026\/live\/wp-content\/uploads\/2018\/02\/fontana_trevi-154x155.jpg 154w, https:\/\/www.hotelrimini.com\/live28042026\/live\/wp-content\/uploads\/2018\/02\/fontana_trevi.jpg 600w\" sizes=\"auto, (max-width: 150px) 100vw, 150px\" \/><\/a>\n\t\t\t<\/dt><\/dl><dl class='gallery-item'>\n\t\t\t<dt class='gallery-icon landscape'>\n\t\t\t\t<a data-size=\"1000x600\" href='https:\/\/www.hotelrimini.com\/live28042026\/live\/wp-content\/uploads\/2018\/02\/location-02.jpg'><img loading=\"lazy\" decoding=\"async\" width=\"150\" height=\"150\" src=\"https:\/\/www.hotelrimini.com\/live28042026\/live\/wp-content\/uploads\/2018\/02\/location-02-150x150.jpg\" class=\"attachment-thumbnail size-thumbnail\" alt=\"\" \/><\/a>\n\t\t\t<\/dt><\/dl><br style=\"clear: both\" \/>\n\t\t<\/div>\n\n<p>El antiguo Rione di Castro Pretorio es un barrio que se caracteriza por la presencia de\u00a0<strong>importantes edificios institucionales<\/strong>como la Biblioteca Nacional, el Museo Arqueol\u00f3gico de Palazzo Massimo, el Consejo Superior de la Magistratura y la prestigiosa Universidad La Sapienza.<\/p>\n<p>La\u00a0<strong>posici\u00f3n c\u00e9ntrica<\/strong>\u00a0del hotel permite llegar en pocos minutos a los principales sitios de inter\u00e9s hist\u00f3rico, cultural y empresarial, ya sea a pie o utilizando la eficiente red de medios p\u00fablicos que atraviesa toda la ciudad.<\/p>\n","protected":false},"excerpt":{"rendered":"<p>Hotel cerca de la estaci\u00f3n Termini El Hotel Rimini de Roma es un Hotel cerca de la estaci\u00f3n Termini,\u00a0\u00a0en una zona estrat\u00e9gica para los clientes en\u00a0viaje de negocios, puesto que est\u00e1 cerca de las\u00a0oficinas de la Jefatura de Polic\u00eda, los\u00a0ministerios, la\u00a0Universidad La Sapienza\u00a0y el\u00a0Policl\u00ednico Umberto I, la Escuela Superior de Polic\u00eda y los\u00a0Ministerios\u00a0del Interior, de [&hellip;]<\/p>\n","protected":false},"author":1,"featured_media":0,"parent":0,"menu_order":0,"comment_status":"closed","ping_status":"closed","template":"","meta":{"footnotes":""},"class_list":["post-187","page","type-page","status-publish","hentry"],"_links":{"self":[{"href":"https:\/\/www.hotelrimini.com\/es\/wp-json\/wp\/v2\/pages\/187","targetHints":{"allow":["GET"]}}],"collection":[{"href":"https:\/\/www.hotelrimini.com\/es\/wp-json\/wp\/v2\/pages"}],"about":[{"href":"https:\/\/www.hotelrimini.com\/es\/wp-json\/wp\/v2\/types\/page"}],"author":[{"embeddable":true,"href":"https:\/\/www.hotelrimini.com\/es\/wp-json\/wp\/v2\/users\/1"}],"replies":[{"embeddable":true,"href":"https:\/\/www.hotelrimini.com\/es\/wp-json\/wp\/v2\/comments?post=187"}],"version-history":[{"count":13,"href":"https:\/\/www.hotelrimini.com\/es\/wp-json\/wp\/v2\/pages\/187\/revisions"}],"predecessor-version":[{"id":3688,"href":"https:\/\/www.hotelrimini.com\/es\/wp-json\/wp\/v2\/pages\/187\/revisions\/3688"}],"wp:attachment":[{"href":"https:\/\/www.hotelrimini.com\/es\/wp-json\/wp\/v2\/media?parent=187"}],"curies":[{"name":"wp","href":"https:\/\/api.w.org\/{rel}","templated":true}]}}