{"id":179,"date":"2016-12-31T03:33:50","date_gmt":"2016-12-31T02:33:50","guid":{"rendered":"https:\/\/www.hotelcorot.com\/live\/descrizione\/"},"modified":"2019-03-28T08:09:03","modified_gmt":"2019-03-28T07:09:03","slug":"servicios","status":"publish","type":"page","link":"https:\/\/www.hotelrimini.com\/es\/servicios\/","title":{"rendered":"Servicios"},"content":{"rendered":"<h1>Hotel Rimini Roma \u2013 Servicios<\/h1>\n<p>La atractiva localizaci\u00f3n del hotel en el casco antiguo de\u00a0<strong>Roma<\/strong>, sus ventajas y su proximidad con la estaci\u00f3n Termini, convierten al Hotel Rimini Roma en el\u00a0<strong>alojamiento ideal para las familias<\/strong>. Est\u00e1 dotado de habitaciones espaciosas y acogedoras (de hasta 4 personas); adem\u00e1s, sus numerosos servicios, como la conexi\u00f3n a Internet wi-fi y la televisi\u00f3n por sat\u00e9lite, lo hacen pr\u00e1ctico para las exigencias de los\u00a0<strong>clientes en viaje de negocios<\/strong>\u00a0e ideal\u00a0<strong>para los j\u00f3venes<\/strong>\u00a0que buscan un alojamiento\u00a0<strong>econ\u00f3mico<\/strong>\u00a0y confortable.<\/p>\n<p>El Hotel Rimini Roma ocupa un\u00a0<strong>elegante edificio del siglo XIX<\/strong>, antigua residencia estival de los pr\u00edncipes Cesarini Sforza. De los gloriosos fastos del pasado, el edificio ha conservado la estructura original, unos espl\u00e9ndidos m\u00e1rmoles y una\u00a0<strong>atm\u00f3sfera elegante y relajante<\/strong>.<\/p>\n<p>El edificio pertenece a nuestra familia desde 1920, a\u00f1o en que se transform\u00f3 en pensi\u00f3n. Poco a poco se fue enriqueciendo con el confort y los servicios que hacen que una estancia sea agradable e inolvidable.<\/p>\n<p>Desde 2007, el Hotel Rimini Roma forma parte del grupo\u00a0<strong>ECOWORLDHOTEL<\/strong>: una cadena de\u00a0<strong>hoteles independientes<\/strong>\u00a0que se caracteriza por su pol\u00edtica de gesti\u00f3n de la energ\u00eda y de protecci\u00f3n del medio ambiente, por medio de soluciones como el uso de\u00a0<strong>materiales ecol\u00f3gicos<\/strong>, recursos y suministros locales, as\u00ed como m\u00e9todos de ahorro en el consumo orientados a una\u00a0<strong>pol\u00edtica ecol\u00f3gica<\/strong>, con el objetivo de proteger el medio ambiente y difundir el\u00a0<strong>turismo sostenible<\/strong>.<\/p>\n\n\t\t<style type=\"text\/css\">\n\t\t\t#gallery-1 {\n\t\t\t\tmargin: auto;\n\t\t\t}\n\t\t\t#gallery-1 .gallery-item {\n\t\t\t\tfloat: left;\n\t\t\t\tmargin-top: 10px;\n\t\t\t\ttext-align: center;\n\t\t\t\twidth: 25%;\n\t\t\t}\n\t\t\t#gallery-1 img {\n\t\t\t\tborder: 2px solid #cfcfcf;\n\t\t\t}\n\t\t\t#gallery-1 .gallery-caption {\n\t\t\t\tmargin-left: 0;\n\t\t\t}\n\t\t\t\/* see gallery_shortcode() in wp-includes\/media.php *\/\n\t\t<\/style>\n\t\t<div id='gallery-1' class='gallery galleryid-179 gallery-columns-4 gallery-size-thumbnail'><dl class='gallery-item'>\n\t\t\t<dt class='gallery-icon landscape'>\n\t\t\t\t<a data-size=\"1000x600\" href='https:\/\/www.hotelrimini.com\/live28042026\/live\/wp-content\/uploads\/2018\/02\/description-02.jpg'><img loading=\"lazy\" decoding=\"async\" width=\"150\" height=\"150\" src=\"https:\/\/www.hotelrimini.com\/live28042026\/live\/wp-content\/uploads\/2018\/02\/description-02-150x150.jpg\" class=\"attachment-thumbnail size-thumbnail\" alt=\"\" \/><\/a>\n\t\t\t<\/dt><\/dl><dl class='gallery-item'>\n\t\t\t<dt class='gallery-icon landscape'>\n\t\t\t\t<a data-size=\"1280x794\" href='https:\/\/www.hotelrimini.com\/live28042026\/live\/wp-content\/uploads\/2018\/01\/4.jpg'><img loading=\"lazy\" decoding=\"async\" width=\"150\" height=\"150\" src=\"https:\/\/www.hotelrimini.com\/live28042026\/live\/wp-content\/uploads\/2018\/01\/4-150x150.jpg\" class=\"attachment-thumbnail size-thumbnail\" alt=\"Buffet breakfast\" \/><\/a>\n\t\t\t<\/dt><\/dl><dl class='gallery-item'>\n\t\t\t<dt class='gallery-icon landscape'>\n\t\t\t\t<a data-size=\"800x578\" href='https:\/\/www.hotelrimini.com\/live28042026\/live\/wp-content\/uploads\/2018\/02\/cd-hotel-048.jpg'><img loading=\"lazy\" decoding=\"async\" width=\"150\" height=\"150\" src=\"https:\/\/www.hotelrimini.com\/live28042026\/live\/wp-content\/uploads\/2018\/02\/cd-hotel-048-150x150.jpg\" class=\"attachment-thumbnail size-thumbnail\" alt=\"\" \/><\/a>\n\t\t\t<\/dt><\/dl><dl class='gallery-item'>\n\t\t\t<dt class='gallery-icon portrait'>\n\t\t\t\t<a data-size=\"409x600\" href='https:\/\/www.hotelrimini.com\/live28042026\/live\/wp-content\/uploads\/2018\/02\/cd-hotel-071.jpg'><img loading=\"lazy\" decoding=\"async\" width=\"150\" height=\"150\" src=\"https:\/\/www.hotelrimini.com\/live28042026\/live\/wp-content\/uploads\/2018\/02\/cd-hotel-071-150x150.jpg\" class=\"attachment-thumbnail size-thumbnail\" alt=\"bar\" \/><\/a>\n\t\t\t<\/dt><\/dl><br style=\"clear: both\" \/>\n\t\t<\/div>\n\n<h2>Nuestro servicios<\/h2>\n<p>Ogni mattina i nostri ospiti possono gustare una\u00a0<strong>ricca e deliziosa colazione<\/strong>, premiata come miglior buffet dalla prestigiosa rivista \u201cViaggi e Sapori\u201d. Dolci fatti in casa, croissant appena usciti dal forno, frutta fresca di stagione e una selezione di affettati italiani DOP e pane fragrante di forno.<\/p>\n<p><strong>Rico y delicioso desayuno<\/strong>, premiado como mejor buf\u00e9 por la prestigiosa revista \u201cViaggi e Sapori\u201d.<br \/>\nDulces caseros, croissants reci\u00e9n salidos del horno, fruta fresca de temporada, una selecci\u00f3n de embutidos italianos con D.O.P. y pan dulce horneado.<\/p>\n<p>El desayuno se sirve en nuestra sala de restaurante, que antiguamente era una terraza panor\u00e1mica con vistas a las c\u00fapulas de la Bas\u00edlica del Sagrado Coraz\u00f3n y a los t\u00edpicos tejados de Roma. En la actualidad, ha sido restaurada en estilo antiguo ingl\u00e9s, embellecida con\u00a0<strong>reproducciones de famosos cuadros de autor<\/strong>\u00a0y adornada siempre con flores frescas y perfumadas.<\/p>\n<p>Para aperitivos, c\u00f3cteles y peque\u00f1os tentempi\u00e9s, tenemos un\u00a0<strong>Snack Bar<\/strong>, ideal si uno desea relajarse despu\u00e9s de un d\u00eda ajetreado. Y para hojear revistas y gu\u00edas tur\u00edsticas, ref\u00fagiese en la intimidad de nuestro sal\u00f3n de lectura, que tiene un precioso techo con vigas a la vista originales del siglo XIX. Estaremos encantados de sugerirles itinerarios interesantes para visitar la ciudad, les aconsejaremos trattor\u00edas y restaurantes t\u00edpicos. Existe la posibilidad de organizar para ustedes visitas guiadas a la ciudad y alrededores, as\u00ed como de reservar entradas para exposiciones espect\u00e1culos y eventos deportivos, como el torneo de\u00a0<strong>Rugby de las Seis Naciones<\/strong>, el\u00a0<strong>Marat\u00f3n de Roma<\/strong>\u00a0y los campeonatos de f\u00fatbol, como la\u00a0<strong>liga italiana<\/strong>\u00a0y la\u00a0<strong>Champions League<\/strong>\u00a0y mucho m\u00e1s.<\/p>\n","protected":false},"excerpt":{"rendered":"<p>Hotel Rimini Roma \u2013 Servicios La atractiva localizaci\u00f3n del hotel en el casco antiguo de\u00a0Roma, sus ventajas y su proximidad con la estaci\u00f3n Termini, convierten al Hotel Rimini Roma en el\u00a0alojamiento ideal para las familias. Est\u00e1 dotado de habitaciones espaciosas y acogedoras (de hasta 4 personas); adem\u00e1s, sus numerosos servicios, como la conexi\u00f3n a Internet [&hellip;]<\/p>\n","protected":false},"author":1,"featured_media":0,"parent":0,"menu_order":0,"comment_status":"closed","ping_status":"closed","template":"","meta":{"footnotes":""},"class_list":["post-179","page","type-page","status-publish","hentry"],"_links":{"self":[{"href":"https:\/\/www.hotelrimini.com\/es\/wp-json\/wp\/v2\/pages\/179","targetHints":{"allow":["GET"]}}],"collection":[{"href":"https:\/\/www.hotelrimini.com\/es\/wp-json\/wp\/v2\/pages"}],"about":[{"href":"https:\/\/www.hotelrimini.com\/es\/wp-json\/wp\/v2\/types\/page"}],"author":[{"embeddable":true,"href":"https:\/\/www.hotelrimini.com\/es\/wp-json\/wp\/v2\/users\/1"}],"replies":[{"embeddable":true,"href":"https:\/\/www.hotelrimini.com\/es\/wp-json\/wp\/v2\/comments?post=179"}],"version-history":[{"count":17,"href":"https:\/\/www.hotelrimini.com\/es\/wp-json\/wp\/v2\/pages\/179\/revisions"}],"predecessor-version":[{"id":4004,"href":"https:\/\/www.hotelrimini.com\/es\/wp-json\/wp\/v2\/pages\/179\/revisions\/4004"}],"wp:attachment":[{"href":"https:\/\/www.hotelrimini.com\/es\/wp-json\/wp\/v2\/media?parent=179"}],"curies":[{"name":"wp","href":"https:\/\/api.w.org\/{rel}","templated":true}]}}