{"id":173,"date":"2017-01-07T00:13:19","date_gmt":"2017-01-06T23:13:19","guid":{"rendered":"https:\/\/www.hotelcorot.com\/live\/rooms\/"},"modified":"2019-03-28T08:02:38","modified_gmt":"2019-03-28T07:02:38","slug":"habitaciones","status":"publish","type":"page","link":"https:\/\/www.hotelrimini.com\/es\/habitaciones\/","title":{"rendered":"Habitaciones"},"content":{"rendered":"<p>Habitaciones con m\u00faltiples configuraciones, para cumplir con las exigencias m\u00e1s diversas. Entre los hu\u00e9spedes del\u00a0<strong>Hotel Rimini<\/strong>\u00a0de\u00a0<strong>Roma<\/strong>, se encuentran, por un lado, los clientes en\u00a0<strong>viaje de negocios<\/strong>\u00a0y\u00a0<strong>de empresa<\/strong>, que buscan elegancia, practicidad y comodidad; por el otro, las\u00a0<strong>familias<\/strong>, que aprecian las econ\u00f3micas\u00a0<strong>triples y cu\u00e1druples<\/strong>, pr\u00f3ximas a los principales puntos de inter\u00e9s del\u00a0<strong>casco antiguo<\/strong>\u00a0de Roma y al\u00a0<strong>Hospital Umberto 1<\/strong>.<\/p>\n<p>El Hotel Rimini ofrece\u00a0<b>diferentes tipos de habitaci\u00f3n<\/b>\u00a0para satisfacer diferentes exigencias: individuales, dobles, triples y cu\u00e1druples. Algunas habitaciones est\u00e1n reservadas exclusivamente para los no fumadores.<\/p>\n<p>Todas han sido completamente<b>\u00a0insonorizadas<\/b>\u00a0para garantizar noches serenas y tranquilas, no obstante la posici\u00f3n c\u00e9ntrica. Para que su estancia sea a\u00fan m\u00e1s agradable, las habitaciones de este elegante\u00a0<b>hotel de Roma<\/b>\u00a0se han dotado de\u00a0<b>comodidades de alta calidad<\/b>, como aire acondicionado, tel\u00e9fono directo con monitor para navegar en Internet, caja fuerte, minibar, TV satelital y un c\u00f3modo ba\u00f1o privado con ba\u00f1era o ducha de hidromasaje y secador de pelo.<\/p>\n<p><br clear=\"all\" \/><br clear=\"all\" \/><\/p>\n","protected":false},"excerpt":{"rendered":"<p>Habitaciones con m\u00faltiples configuraciones, para cumplir con las exigencias m\u00e1s diversas. Entre los hu\u00e9spedes del\u00a0Hotel Rimini\u00a0de\u00a0Roma, se encuentran, por un lado, los clientes en\u00a0viaje de negocios\u00a0y\u00a0de empresa, que buscan elegancia, practicidad y comodidad; por el otro, las\u00a0familias, que aprecian las econ\u00f3micas\u00a0triples y cu\u00e1druples, pr\u00f3ximas a los principales puntos de inter\u00e9s del\u00a0casco antiguo\u00a0de Roma y al\u00a0Hospital [&hellip;]<\/p>\n","protected":false},"author":1,"featured_media":0,"parent":0,"menu_order":0,"comment_status":"closed","ping_status":"closed","template":"","meta":{"footnotes":""},"class_list":["post-173","page","type-page","status-publish","hentry"],"_links":{"self":[{"href":"https:\/\/www.hotelrimini.com\/es\/wp-json\/wp\/v2\/pages\/173","targetHints":{"allow":["GET"]}}],"collection":[{"href":"https:\/\/www.hotelrimini.com\/es\/wp-json\/wp\/v2\/pages"}],"about":[{"href":"https:\/\/www.hotelrimini.com\/es\/wp-json\/wp\/v2\/types\/page"}],"author":[{"embeddable":true,"href":"https:\/\/www.hotelrimini.com\/es\/wp-json\/wp\/v2\/users\/1"}],"replies":[{"embeddable":true,"href":"https:\/\/www.hotelrimini.com\/es\/wp-json\/wp\/v2\/comments?post=173"}],"version-history":[{"count":10,"href":"https:\/\/www.hotelrimini.com\/es\/wp-json\/wp\/v2\/pages\/173\/revisions"}],"predecessor-version":[{"id":3995,"href":"https:\/\/www.hotelrimini.com\/es\/wp-json\/wp\/v2\/pages\/173\/revisions\/3995"}],"wp:attachment":[{"href":"https:\/\/www.hotelrimini.com\/es\/wp-json\/wp\/v2\/media?parent=173"}],"curies":[{"name":"wp","href":"https:\/\/api.w.org\/{rel}","templated":true}]}}