{"id":168,"date":"2016-12-31T03:33:03","date_gmt":"2016-12-31T02:33:03","guid":{"rendered":"https:\/\/www.hotelcorot.com\/live\/home\/"},"modified":"2021-03-31T07:24:09","modified_gmt":"2021-03-31T05:24:09","slug":"home","status":"publish","type":"page","link":"https:\/\/www.hotelrimini.com\/es\/","title":{"rendered":"Home"},"content":{"rendered":"<h1>Hotel 3 estrellas\u00a0en el centro de Roma<\/h1>\n<p>Hotel En el\u00a0<strong>centro de Roma<\/strong>, en un elegante edificio del siglo XIX, el\u00a0<strong>hotel Rimini ROMA es un c\u00f3modo hotel barato<\/strong>\u00a0con f\u00e1cil acceso a la estaci\u00f3n Termini, ideal para viajeros de negocios, j\u00f3venes y familias, muy apreciado por sus espacios, con conexi\u00f3n a\u00a0<strong>Internet wi-fi gratuita para los hu\u00e9spedes, TV v\u00eda sat\u00e9lite\u00a0<\/strong>y una acogedora sala panor\u00e1mica donde se sirve un delicioso desayuno.<\/p>\n<p>Entre los\u00a0<strong>hoteles 3 estrellas<\/strong>\u00a0en pleno\u00a0<strong>casco antiguo<\/strong>\u00a0de la capital, el\u00a0<strong>Hotel Rimini Roma<\/strong>\u00a0conjuga el encanto de la Ciudad Eterna, el confort de un\u00a0<strong>hotel econ\u00f3mico<\/strong>, pero\u00a0<strong>elegante<\/strong>\u00a0y acogedor, as\u00ed como sus numerosos servicios y comodidades. En particular, hay un servicio de portero disponible las 24 horas para reservar entradas, taxis, minibuses, paseos y visitas guiadas por la ciudad de Roma\u2026 \u00a1y no solo eso!<\/p>\n<p>Por otra parte, resulta f\u00e1cil llegar a este\u00a0<strong>hotel 3 estrellas<\/strong>\u00a0situado en el\u00a0<strong>casco antiguo<\/strong>\u00a0romano, porque el hotel Rimini Roma est\u00e1 cerca de la\u00a0<strong>estaci\u00f3n<\/strong>\u00a0de\u00a0<strong>ferrocarril<\/strong>\u00a0y de la\u00a0<strong>terminal<\/strong>\u00a0que comunica la ciudad con el\u00a0<strong>aeropuerto de Fiumicino<\/strong>\u00a0y el aeropuerto de Ciampino, (Ryan Air y otras Low Cost), accesible tanto con los trenes directos especiales como con los servicios de autob\u00fas Alitalia y Terravision, que tienen el fin de trayecto a menos de 50 metros del hotel.<\/p>\n<p>&nbsp;<\/p>\n","protected":false},"excerpt":{"rendered":"<p>Hotel 3 estrellas\u00a0en el centro de Roma Hotel En el\u00a0centro de Roma, en un elegante edificio del siglo XIX, el\u00a0hotel Rimini ROMA es un c\u00f3modo hotel barato\u00a0con f\u00e1cil acceso a la estaci\u00f3n Termini, ideal para viajeros de negocios, j\u00f3venes y familias, muy apreciado por sus espacios, con conexi\u00f3n a\u00a0Internet wi-fi gratuita para los hu\u00e9spedes, TV [&hellip;]<\/p>\n","protected":false},"author":1,"featured_media":0,"parent":0,"menu_order":0,"comment_status":"closed","ping_status":"closed","template":"","meta":{"footnotes":""},"class_list":["post-168","page","type-page","status-publish","hentry"],"_links":{"self":[{"href":"https:\/\/www.hotelrimini.com\/es\/wp-json\/wp\/v2\/pages\/168","targetHints":{"allow":["GET"]}}],"collection":[{"href":"https:\/\/www.hotelrimini.com\/es\/wp-json\/wp\/v2\/pages"}],"about":[{"href":"https:\/\/www.hotelrimini.com\/es\/wp-json\/wp\/v2\/types\/page"}],"author":[{"embeddable":true,"href":"https:\/\/www.hotelrimini.com\/es\/wp-json\/wp\/v2\/users\/1"}],"replies":[{"embeddable":true,"href":"https:\/\/www.hotelrimini.com\/es\/wp-json\/wp\/v2\/comments?post=168"}],"version-history":[{"count":14,"href":"https:\/\/www.hotelrimini.com\/es\/wp-json\/wp\/v2\/pages\/168\/revisions"}],"predecessor-version":[{"id":4442,"href":"https:\/\/www.hotelrimini.com\/es\/wp-json\/wp\/v2\/pages\/168\/revisions\/4442"}],"wp:attachment":[{"href":"https:\/\/www.hotelrimini.com\/es\/wp-json\/wp\/v2\/media?parent=168"}],"curies":[{"name":"wp","href":"https:\/\/api.w.org\/{rel}","templated":true}]}}