{"id":935,"date":"2017-05-19T18:37:08","date_gmt":"2017-05-19T16:37:08","guid":{"rendered":"https:\/\/www.hotelcorot.com\/live\/?page_id=935\/"},"modified":"2018-05-13T17:54:09","modified_gmt":"2018-05-13T15:54:09","slug":"zimmer","status":"publish","type":"page","link":"https:\/\/www.hotelrimini.com\/de\/zimmer\/","title":{"rendered":"Zimmer"},"content":{"rendered":"<h1>Zimmer<\/h1>\n<p>Zimmer in den verschiedensten Typologien erwarten Sie, um Ihren unterschiedlichen Anforderungen gerecht zu werden. Die G\u00e4ste des\u00a0<strong>Hotel Rimini<\/strong>\u00a0von\u00a0<strong>Rom<\/strong>\u00a0reichen von der\u00a0<strong>Business-<\/strong>\u00a0und\u00a0<strong>Korporativen<\/strong>\u00a0Kundschaft, die Eleganz, Zweckm\u00e4\u00dfigkeit und Komfort sucht, bis zu den\u00a0<strong>Familien<\/strong>, die die preiswerten\u00a0<strong>Drei- und Vierbettzimmer<\/strong>\u00a0inmitten der Sehensw\u00fcrdigkeiten des\u00a0<strong>historischen Zentrums<\/strong>\u00a0von Rom und in unmittelbarer\u00a0<strong>N\u00e4he des Krankenhauses Umberto 1<\/strong>\u00a0bevorzugen.<\/p>\n<p>Den G\u00e4sten des Hotel Rimini stehen\u00a0<strong>verschiedene Unterbringungsarten<\/strong>\u00a0zur Verf\u00fcgung, wobei sie w\u00e4hlen k\u00f6nnen, welche am besten ihren Anforderungen entspricht: Das Hotel verf\u00fcgt \u00fcber Zimmer, die in Einzel-, Doppel-, 3- und 4-Bettzimmer unterteilt sind. Einige Zimmer sind ausschlie\u00dflich Nichtrauchern vorbehalten.<\/p>\n<p>Alle Zimmer sind v\u00f6llig\u00a0<strong>schallged\u00e4mmt<\/strong>, damit trotz der sehr zentralen Lage, friedvolle und ruhige N\u00e4chte garantiert werden k\u00f6nnen. Um den Aufenthalt noch angenehmer zu machen, wurden die Zimmer dieses eleganten\u00a0<strong>Hotels von Rom<\/strong>\u00a0mit\u00a0<strong>hochqualitativem Komfort<\/strong>\u00a0wie Klimaanlage, Telefon mit Direktdurchwahl und mit Bildschirm f\u00fcr das Surfen im Internet, sowie mit Safe, Minibar, Satelliten-TV und einem bequemen Privatbadezimmer mit Wanne mit Hydromassage und Haartrockner ausgestattet.<\/p>\n","protected":false},"excerpt":{"rendered":"<p>Zimmer Zimmer in den verschiedensten Typologien erwarten Sie, um Ihren unterschiedlichen Anforderungen gerecht zu werden. Die G\u00e4ste des\u00a0Hotel Rimini\u00a0von\u00a0Rom\u00a0reichen von der\u00a0Business-\u00a0und\u00a0Korporativen\u00a0Kundschaft, die Eleganz, Zweckm\u00e4\u00dfigkeit und Komfort sucht, bis zu den\u00a0Familien, die die preiswerten\u00a0Drei- und Vierbettzimmer\u00a0inmitten der Sehensw\u00fcrdigkeiten des\u00a0historischen Zentrums\u00a0von Rom und in unmittelbarer\u00a0N\u00e4he des Krankenhauses Umberto 1\u00a0bevorzugen. Den G\u00e4sten des Hotel Rimini stehen\u00a0verschiedene Unterbringungsarten\u00a0zur Verf\u00fcgung, [&hellip;]<\/p>\n","protected":false},"author":1,"featured_media":0,"parent":0,"menu_order":0,"comment_status":"closed","ping_status":"closed","template":"","meta":{"footnotes":""},"class_list":["post-935","page","type-page","status-publish","hentry"],"_links":{"self":[{"href":"https:\/\/www.hotelrimini.com\/de\/wp-json\/wp\/v2\/pages\/935","targetHints":{"allow":["GET"]}}],"collection":[{"href":"https:\/\/www.hotelrimini.com\/de\/wp-json\/wp\/v2\/pages"}],"about":[{"href":"https:\/\/www.hotelrimini.com\/de\/wp-json\/wp\/v2\/types\/page"}],"author":[{"embeddable":true,"href":"https:\/\/www.hotelrimini.com\/de\/wp-json\/wp\/v2\/users\/1"}],"replies":[{"embeddable":true,"href":"https:\/\/www.hotelrimini.com\/de\/wp-json\/wp\/v2\/comments?post=935"}],"version-history":[{"count":5,"href":"https:\/\/www.hotelrimini.com\/de\/wp-json\/wp\/v2\/pages\/935\/revisions"}],"predecessor-version":[{"id":2023,"href":"https:\/\/www.hotelrimini.com\/de\/wp-json\/wp\/v2\/pages\/935\/revisions\/2023"}],"wp:attachment":[{"href":"https:\/\/www.hotelrimini.com\/de\/wp-json\/wp\/v2\/media?parent=935"}],"curies":[{"name":"wp","href":"https:\/\/api.w.org\/{rel}","templated":true}]}}