{"id":931,"date":"2017-05-19T18:11:32","date_gmt":"2017-05-19T16:11:32","guid":{"rendered":"https:\/\/www.hotelcorot.com\/live\/?page_id=931\/"},"modified":"2018-02-27T00:30:23","modified_gmt":"2018-02-26T23:30:23","slug":"beschreibung","status":"publish","type":"page","link":"https:\/\/www.hotelrimini.com\/de\/beschreibung\/","title":{"rendered":"Beschreibung"},"content":{"rendered":"<h1>Beschreibung<\/h1>\n<p>Der anziehende Standort des Hotels im historischen Zentrum von\u00a0<strong>Rom<\/strong>, seine Angemessenheit und die N\u00e4he zum Bahnhof Termini machen das Hotel Rimini zu einem attraktiven\u00a0<strong>Hotel f\u00fcr Familien<\/strong>, das \u00fcber ger\u00e4umige und gem\u00fctliche Zimmer (bis zu 4 Personen) verf\u00fcgt. Durch die Dienstleistungen, wie der Wi-Fi-Internet-Anschluss oder das Satelliten-TV, kommt das Hotel den Anforderungen aller\u00a0<strong>Gesch\u00e4ftsreisenden<\/strong>\u00a0nach und erweist sich als idealer Ort\u00a0<strong>f\u00fcr die Jugendlichen<\/strong>, die eine komfortable und\u00a0<strong>preisg\u00fcnstige<\/strong>\u00a0Unterkunft suchen.<\/p>\n<p>Das Hotel Rimini befindet sich in einem\u00a0<strong>eleganten Geb\u00e4ude aus dem 19. Jahrhundert<\/strong>, das einst die Sommerresidenz der Prinzen Cesarini Sforza war. Von dem gloriosen Prunk der Vergangenheit bewahrt das Geb\u00e4ude heute noch die Originalstruktur, die wundersch\u00f6nen Marmoren wie auch eine\u00a0<strong>elegante und entspannende Atmosph\u00e4re<\/strong>.<\/p>\n<p>Das Geb\u00e4ude ist seit 1920 im Besitz unserer Familie. In diesem Jahr wurde es auch in eine Pension umgewandelt und Jahr f\u00fcr Jahr mit Komfort und Serviceleistungen bereichert, die den Aufenthalt unserer G\u00e4ste angenehm und unvergesslich machen.<\/p>\n<p>Seit 2007 ist das Hotel Rimini von Rom Mitglied der Gruppe\u00a0<strong>ECOWORLDHOTEL<\/strong>: Eine Kette von\u00a0<strong>unabh\u00e4ngigen Hotels<\/strong>, die sich durch ihr Engagement f\u00fcr die Energieverwaltung und den Umweltschutz kennzeichnen. Mittels gezielter Aktivit\u00e4ten, wie die Wiederverwertung von\u00a0<strong>\u00f6kologischen Materialen<\/strong>, Ressourcen und lokalen Versorgungen sowie durch Verbrauchseinsparungen,verfolgen sie eine\u00a0<strong>umweltfreundliche Politik<\/strong>\u00a0zum Schutz Umwelt und zur Verbreitung des\u00a0<strong>\u00d6kotourismus<\/strong>.<\/p>\n\n\t\t<style type=\"text\/css\">\n\t\t\t#gallery-1 {\n\t\t\t\tmargin: auto;\n\t\t\t}\n\t\t\t#gallery-1 .gallery-item {\n\t\t\t\tfloat: left;\n\t\t\t\tmargin-top: 10px;\n\t\t\t\ttext-align: center;\n\t\t\t\twidth: 25%;\n\t\t\t}\n\t\t\t#gallery-1 img {\n\t\t\t\tborder: 2px solid #cfcfcf;\n\t\t\t}\n\t\t\t#gallery-1 .gallery-caption {\n\t\t\t\tmargin-left: 0;\n\t\t\t}\n\t\t\t\/* see gallery_shortcode() in wp-includes\/media.php *\/\n\t\t<\/style>\n\t\t<div id='gallery-1' class='gallery galleryid-931 gallery-columns-4 gallery-size-thumbnail'><dl class='gallery-item'>\n\t\t\t<dt class='gallery-icon landscape'>\n\t\t\t\t<a data-size=\"1000x600\" href='https:\/\/www.hotelrimini.com\/live28042026\/live\/wp-content\/uploads\/2018\/02\/description-02.jpg'><img loading=\"lazy\" decoding=\"async\" width=\"150\" height=\"150\" src=\"https:\/\/www.hotelrimini.com\/live28042026\/live\/wp-content\/uploads\/2018\/02\/description-02-150x150.jpg\" class=\"attachment-thumbnail size-thumbnail\" alt=\"\" \/><\/a>\n\t\t\t<\/dt><\/dl><dl class='gallery-item'>\n\t\t\t<dt class='gallery-icon landscape'>\n\t\t\t\t<a data-size=\"1280x794\" href='https:\/\/www.hotelrimini.com\/live28042026\/live\/wp-content\/uploads\/2018\/01\/4.jpg'><img loading=\"lazy\" decoding=\"async\" width=\"150\" height=\"150\" src=\"https:\/\/www.hotelrimini.com\/live28042026\/live\/wp-content\/uploads\/2018\/01\/4-150x150.jpg\" class=\"attachment-thumbnail size-thumbnail\" alt=\"\" \/><\/a>\n\t\t\t<\/dt><\/dl><dl class='gallery-item'>\n\t\t\t<dt class='gallery-icon landscape'>\n\t\t\t\t<a data-size=\"800x578\" href='https:\/\/www.hotelrimini.com\/live28042026\/live\/wp-content\/uploads\/2018\/02\/cd-hotel-048.jpg'><img loading=\"lazy\" decoding=\"async\" width=\"150\" height=\"150\" src=\"https:\/\/www.hotelrimini.com\/live28042026\/live\/wp-content\/uploads\/2018\/02\/cd-hotel-048-150x150.jpg\" class=\"attachment-thumbnail size-thumbnail\" alt=\"\" \/><\/a>\n\t\t\t<\/dt><\/dl><dl class='gallery-item'>\n\t\t\t<dt class='gallery-icon portrait'>\n\t\t\t\t<a data-size=\"409x600\" href='https:\/\/www.hotelrimini.com\/live28042026\/live\/wp-content\/uploads\/2018\/02\/cd-hotel-071.jpg'><img loading=\"lazy\" decoding=\"async\" width=\"150\" height=\"150\" src=\"https:\/\/www.hotelrimini.com\/live28042026\/live\/wp-content\/uploads\/2018\/02\/cd-hotel-071-150x150.jpg\" class=\"attachment-thumbnail size-thumbnail\" alt=\"\" \/><\/a>\n\t\t\t<\/dt><\/dl><br style=\"clear: both\" \/>\n\t\t<\/div>\n\n<h2>Unsere Serviceleistungen<\/h2>\n<p>eden Morgen k\u00f6nnen unsere G\u00e4ste eine\u00a0<strong>reichhaltiges und k\u00f6stliches Fr\u00fchst\u00fcck<\/strong>\u00a0genie\u00dfen, das von der prestigevollen Zeitschrift \u201cViaggi e Sapori\u201d (Reisen und Gen\u00fcsse) als bestes B\u00fcffet ausgezeichnet wurde.<br \/>\nHausgemachte S\u00fc\u00dfspeisen, ofenfrische Croissants, frisches Saisonobst und eine reiche Auswahl an italienischen DOP \u2013 Wurstwaren und knusprig duftendes Brot.<\/p>\n<p>Das Fr\u00fchst\u00fcck wird in unserem Restaurantsaal, auf unserer ehemaligen Panorama-Terrasse serviert, die einen einzigartigen Ausblick auf die Kuppeln der Basilika \u201cSacro Cuore\u201d und die charakteristischen D\u00e4cher von Rom bot. Heute zeigt sich das vollkommen renovierte Ambiente im \u201cold-english\u201d \u2013 Stil, ist mit\u00a0<strong>Reproduktionen ber\u00fchmter Maler<\/strong>\u00a0bereichert und immer in den frischen und angenehmen Duft der vielfarbigen Blumen geh\u00fcllt.<\/p>\n<p>F\u00fcr Aperitifs, Cocktails und kleine Imbisse steht den G\u00e4sten auch eine gut sortierte\u00a0<strong>Snack Bar<\/strong>\u00a0zur Verf\u00fcgung, die genau das richtige f\u00fcr die Entspannung nach einem intensiven Tag ist. Reisef\u00fchrer oder Zeitschriften k\u00f6nnen wiederum in der intimen Ruhe des Lesezimmers mit kostbaren Decken mit originalen sichtbaren Holzbalken aus dem 19. Jahrhundert durchbl\u00e4ttert werden. Gern stehen wir zu Ihrer Verf\u00fcgung, um Ihnen interessante Routen zur Entdeckung der Stadt und typische Trattorien und Restaurants zu empfehlen, Besichtungen in und au\u00dferhalb der Stadt zu organisieren, Eintrittskarten zu Museen, Schauspielen und Sportveranstaltungen zu reservieren, wie das\u00a0<strong>Rugby 6 Nationen<\/strong>-Turnier oder der\u00a0<strong>Marathon von Rom\u00a0<\/strong>und die bedeutenden Fu\u00dfballevents mit der\u00a0<strong>italienischen Meisterschaft<\/strong>\u00a0und die\u00a0<strong>Champions League<\/strong>\u00a0und vieles mehr.<\/p>\n","protected":false},"excerpt":{"rendered":"<p>Beschreibung Der anziehende Standort des Hotels im historischen Zentrum von\u00a0Rom, seine Angemessenheit und die N\u00e4he zum Bahnhof Termini machen das Hotel Rimini zu einem attraktiven\u00a0Hotel f\u00fcr Familien, das \u00fcber ger\u00e4umige und gem\u00fctliche Zimmer (bis zu 4 Personen) verf\u00fcgt. Durch die Dienstleistungen, wie der Wi-Fi-Internet-Anschluss oder das Satelliten-TV, kommt das Hotel den Anforderungen aller\u00a0Gesch\u00e4ftsreisenden\u00a0nach und erweist [&hellip;]<\/p>\n","protected":false},"author":1,"featured_media":0,"parent":0,"menu_order":0,"comment_status":"closed","ping_status":"closed","template":"","meta":{"footnotes":""},"class_list":["post-931","page","type-page","status-publish","hentry"],"_links":{"self":[{"href":"https:\/\/www.hotelrimini.com\/de\/wp-json\/wp\/v2\/pages\/931","targetHints":{"allow":["GET"]}}],"collection":[{"href":"https:\/\/www.hotelrimini.com\/de\/wp-json\/wp\/v2\/pages"}],"about":[{"href":"https:\/\/www.hotelrimini.com\/de\/wp-json\/wp\/v2\/types\/page"}],"author":[{"embeddable":true,"href":"https:\/\/www.hotelrimini.com\/de\/wp-json\/wp\/v2\/users\/1"}],"replies":[{"embeddable":true,"href":"https:\/\/www.hotelrimini.com\/de\/wp-json\/wp\/v2\/comments?post=931"}],"version-history":[{"count":9,"href":"https:\/\/www.hotelrimini.com\/de\/wp-json\/wp\/v2\/pages\/931\/revisions"}],"predecessor-version":[{"id":3692,"href":"https:\/\/www.hotelrimini.com\/de\/wp-json\/wp\/v2\/pages\/931\/revisions\/3692"}],"wp:attachment":[{"href":"https:\/\/www.hotelrimini.com\/de\/wp-json\/wp\/v2\/media?parent=931"}],"curies":[{"name":"wp","href":"https:\/\/api.w.org\/{rel}","templated":true}]}}