{"id":923,"date":"2017-05-19T17:48:57","date_gmt":"2017-05-19T15:48:57","guid":{"rendered":"https:\/\/www.hotelcorot.com\/live\/?page_id=923\/"},"modified":"2018-03-07T01:17:07","modified_gmt":"2018-03-07T00:17:07","slug":"lage-hotel","status":"publish","type":"page","link":"https:\/\/www.hotelrimini.com\/de\/lage-hotel\/","title":{"rendered":"Lage"},"content":{"rendered":"<h1>Lage<\/h1>\n<p>Das Hotel Rimini in Rom bietet sich aufgrund der strategisch g\u00fcnstigen Lage f\u00fcr alle\u00a0<strong>Gesch\u00e4ftsreisenden<\/strong>\u00a0an, da es nicht weit entfernt von dem\u00a0<strong>Polizeipr\u00e4sidium<\/strong>, den\u00a0<strong>Ministerien<\/strong>, der\u00a0<strong>Universit\u00e4t La Sapienza<\/strong>\u00a0und dem\u00a0<strong>Poliklinikum Umberto I<\/strong>, der F\u00fchrungsakademie der Polizei, dem Innen<strong>ministerium<\/strong>, dem Ministerium f\u00fcr \u00f6ffentliche Arbeiten und dem Verteidigungsministerium liegt. Das Hotel im historischen Zentrum von Rom, das sich inmitten der bedeutendsten Monumente und ganz in der N\u00e4he des Teatro dell\u2019Opera (Opernhaus) erhebt, eignet sich zudem f\u00fcr einen angenehmen\u00a0<strong>Leisure<\/strong>-Aufenthalt.<\/p>\n<p>Das Hotel Rimini befindet sich im\u00a0<strong>Bezirk Castro Pretorio<\/strong>, zwischen dem Hauptbahnhof Rom \u201cTermini\u201d und dem Studentenviertel \u201cCitt\u00e0 Universitaria\u201d, genau gegen\u00fcber dem Sitz der ENIT (Staatliche Organisation zur Fremdenverkehrsf\u00f6rderung).<\/p>\n\n\t\t<style type=\"text\/css\">\n\t\t\t#gallery-1 {\n\t\t\t\tmargin: auto;\n\t\t\t}\n\t\t\t#gallery-1 .gallery-item {\n\t\t\t\tfloat: left;\n\t\t\t\tmargin-top: 10px;\n\t\t\t\ttext-align: center;\n\t\t\t\twidth: 25%;\n\t\t\t}\n\t\t\t#gallery-1 img {\n\t\t\t\tborder: 2px solid #cfcfcf;\n\t\t\t}\n\t\t\t#gallery-1 .gallery-caption {\n\t\t\t\tmargin-left: 0;\n\t\t\t}\n\t\t\t\/* see gallery_shortcode() in wp-includes\/media.php *\/\n\t\t<\/style>\n\t\t<div id='gallery-1' class='gallery galleryid-923 gallery-columns-4 gallery-size-thumbnail'><dl class='gallery-item'>\n\t\t\t<dt class='gallery-icon landscape'>\n\t\t\t\t<a data-size=\"1920x1440\" href='https:\/\/www.hotelrimini.com\/live28042026\/live\/wp-content\/uploads\/2018\/01\/spanish-steps.jpg'><img loading=\"lazy\" decoding=\"async\" width=\"150\" height=\"150\" src=\"https:\/\/www.hotelrimini.com\/live28042026\/live\/wp-content\/uploads\/2018\/01\/spanish-steps-150x150.jpg\" class=\"attachment-thumbnail size-thumbnail\" alt=\"\" \/><\/a>\n\t\t\t<\/dt><\/dl><dl class='gallery-item'>\n\t\t\t<dt class='gallery-icon landscape'>\n\t\t\t\t<a data-size=\"1217x694\" href='https:\/\/www.hotelrimini.com\/live28042026\/live\/wp-content\/uploads\/2018\/01\/colosseo-thinkstock.jpg'><img loading=\"lazy\" decoding=\"async\" width=\"150\" height=\"150\" src=\"https:\/\/www.hotelrimini.com\/live28042026\/live\/wp-content\/uploads\/2018\/01\/colosseo-thinkstock-150x150.jpg\" class=\"attachment-thumbnail size-thumbnail\" alt=\"\" \/><\/a>\n\t\t\t<\/dt><\/dl><dl class='gallery-item'>\n\t\t\t<dt class='gallery-icon landscape'>\n\t\t\t\t<a data-size=\"600x600\" href='https:\/\/www.hotelrimini.com\/live28042026\/live\/wp-content\/uploads\/2018\/02\/fontana_trevi.jpg'><img loading=\"lazy\" decoding=\"async\" width=\"150\" height=\"150\" src=\"https:\/\/www.hotelrimini.com\/live28042026\/live\/wp-content\/uploads\/2018\/02\/fontana_trevi-150x150.jpg\" class=\"attachment-thumbnail size-thumbnail\" alt=\"\" srcset=\"https:\/\/www.hotelrimini.com\/live28042026\/live\/wp-content\/uploads\/2018\/02\/fontana_trevi-150x150.jpg 150w, https:\/\/www.hotelrimini.com\/live28042026\/live\/wp-content\/uploads\/2018\/02\/fontana_trevi-300x300.jpg 300w, https:\/\/www.hotelrimini.com\/live28042026\/live\/wp-content\/uploads\/2018\/02\/fontana_trevi-154x155.jpg 154w, https:\/\/www.hotelrimini.com\/live28042026\/live\/wp-content\/uploads\/2018\/02\/fontana_trevi.jpg 600w\" sizes=\"auto, (max-width: 150px) 100vw, 150px\" \/><\/a>\n\t\t\t<\/dt><\/dl><dl class='gallery-item'>\n\t\t\t<dt class='gallery-icon landscape'>\n\t\t\t\t<a data-size=\"1000x600\" href='https:\/\/www.hotelrimini.com\/live28042026\/live\/wp-content\/uploads\/2018\/02\/location-02.jpg'><img loading=\"lazy\" decoding=\"async\" width=\"150\" height=\"150\" src=\"https:\/\/www.hotelrimini.com\/live28042026\/live\/wp-content\/uploads\/2018\/02\/location-02-150x150.jpg\" class=\"attachment-thumbnail size-thumbnail\" alt=\"\" \/><\/a>\n\t\t\t<\/dt><\/dl><br style=\"clear: both\" \/>\n\t\t<\/div>\n\n<p>Das antike Bezirk Castro Pretorio zeichnet sich durch\u00a0<strong>bedeutende institutionelle Geb\u00e4ude<\/strong>, wie beispielsweise die Nationalbibliothek, das Arch\u00e4ologische Museum im Palazzo Massimo, der Sitz des Obersten Rates der Gerichtsbarkeit oder der prestigevollen Universit\u00e4t \u201cLa Sapienza\u201d aus.<\/p>\n<p>Durch die\u00a0<strong>sehr zentrale Lage<\/strong>\u00a0k\u00f6nnen auch in kurzer Zeit die wichtigsten und aus historischer, kultureller und gesch\u00e4ftlicher Sicht interessanten St\u00e4tten sowohl zu Fu\u00df als auch mit einem effizienten \u00f6ffentlichen Verkehrsnetz, das die ganze Stadt durchquert, erreicht werden.<\/p>\n<p>&nbsp;<\/p>\n","protected":false},"excerpt":{"rendered":"<p>Lage Das Hotel Rimini in Rom bietet sich aufgrund der strategisch g\u00fcnstigen Lage f\u00fcr alle\u00a0Gesch\u00e4ftsreisenden\u00a0an, da es nicht weit entfernt von dem\u00a0Polizeipr\u00e4sidium, den\u00a0Ministerien, der\u00a0Universit\u00e4t La Sapienza\u00a0und dem\u00a0Poliklinikum Umberto I, der F\u00fchrungsakademie der Polizei, dem Innenministerium, dem Ministerium f\u00fcr \u00f6ffentliche Arbeiten und dem Verteidigungsministerium liegt. Das Hotel im historischen Zentrum von Rom, das sich inmitten der [&hellip;]<\/p>\n","protected":false},"author":1,"featured_media":0,"parent":0,"menu_order":0,"comment_status":"closed","ping_status":"closed","template":"","meta":{"footnotes":""},"class_list":["post-923","page","type-page","status-publish","hentry"],"_links":{"self":[{"href":"https:\/\/www.hotelrimini.com\/de\/wp-json\/wp\/v2\/pages\/923","targetHints":{"allow":["GET"]}}],"collection":[{"href":"https:\/\/www.hotelrimini.com\/de\/wp-json\/wp\/v2\/pages"}],"about":[{"href":"https:\/\/www.hotelrimini.com\/de\/wp-json\/wp\/v2\/types\/page"}],"author":[{"embeddable":true,"href":"https:\/\/www.hotelrimini.com\/de\/wp-json\/wp\/v2\/users\/1"}],"replies":[{"embeddable":true,"href":"https:\/\/www.hotelrimini.com\/de\/wp-json\/wp\/v2\/comments?post=923"}],"version-history":[{"count":8,"href":"https:\/\/www.hotelrimini.com\/de\/wp-json\/wp\/v2\/pages\/923\/revisions"}],"predecessor-version":[{"id":3686,"href":"https:\/\/www.hotelrimini.com\/de\/wp-json\/wp\/v2\/pages\/923\/revisions\/3686"}],"wp:attachment":[{"href":"https:\/\/www.hotelrimini.com\/de\/wp-json\/wp\/v2\/media?parent=923"}],"curies":[{"name":"wp","href":"https:\/\/api.w.org\/{rel}","templated":true}]}}