{"id":921,"date":"2017-05-18T22:00:29","date_gmt":"2017-05-18T20:00:29","guid":{"rendered":"https:\/\/www.hotelcorot.com\/live\/?page_id=921\/"},"modified":"2021-03-31T07:23:31","modified_gmt":"2021-03-31T05:23:31","slug":"home","status":"publish","type":"page","link":"https:\/\/www.hotelrimini.com\/de\/","title":{"rendered":"Home"},"content":{"rendered":"<h1>Billiges Hotel Rom Zentrum<\/h1>\n<p><strong>Im Zentrum von Rom<\/strong>\u00a0liegt das\u00a0<strong>Hotel Rimini ROMA<\/strong>, in einem eleganten Geb\u00e4ude aus dem 19. Jahrhundert. Ein\u00a0<strong>komfortables Budget Hotel in der N\u00e4he des Termini Bahnhofs<\/strong>, ideal f\u00fcr Gesch\u00e4ftsreisenden, junge Leute und Familien, geliebt f\u00fcr seine h\u00fcbsche R\u00e4ume,\u00a0<strong>bietet kostenlose Wi-Fi-Anbindung, Satelliten-TV\u00a0<\/strong>und einen panoramischen Saal in dem ein leckeres Fr\u00fchst\u00fcck serviert wird.<\/p>\n<p>Unter den\u00a0<strong>3-Sterne-Hotels<\/strong>\u00a0im historischen Zentrum der Hauptstadt vereint das Hotel Rimini in Rom den zeitlosen Zauber der Ewigen Stadt mit dem Komfort eines gastlichen, stilvollen und gleichzeitig \u00f6konomischen Hotels, das sich durch zahlreiche Dienstleistungen und Bequemlichkeiten kennzeichnet. Besonders ein\u00a0<strong>24 Stunden-Conciergedienst um Fahrkarten<\/strong>, Tickets, Shuttle, Taxi und F\u00fchrungen im Rom zu bestellen und sehr anders!<\/p>\n<p>Dieses\u00a0<strong>3-Sterne-Hotel im historischen Zentrum von Rom<\/strong>\u00a0ist zudem leicht erreichbar, da sich das Hotel Rimini in Rom in unmittelbarer N\u00e4he vom Zugbahnhof und dem Terminal zum und vom Flughafen Fiumicino und Flughafen Ciampino befindet, (Ryan Air und andere \u00a0Low Cost Fluglinien), erreichbar sowohl mit den Eilz\u00fcge als auch mit Alitalia und Terranova Buses, die Endlinien sind nur 50 m vom Hotel.<\/p>\n","protected":false},"excerpt":{"rendered":"<p>Billiges Hotel Rom Zentrum Im Zentrum von Rom\u00a0liegt das\u00a0Hotel Rimini ROMA, in einem eleganten Geb\u00e4ude aus dem 19. Jahrhundert. Ein\u00a0komfortables Budget Hotel in der N\u00e4he des Termini Bahnhofs, ideal f\u00fcr Gesch\u00e4ftsreisenden, junge Leute und Familien, geliebt f\u00fcr seine h\u00fcbsche R\u00e4ume,\u00a0bietet kostenlose Wi-Fi-Anbindung, Satelliten-TV\u00a0und einen panoramischen Saal in dem ein leckeres Fr\u00fchst\u00fcck serviert wird. Unter den\u00a03-Sterne-Hotels\u00a0im [&hellip;]<\/p>\n","protected":false},"author":1,"featured_media":0,"parent":0,"menu_order":0,"comment_status":"closed","ping_status":"closed","template":"","meta":{"footnotes":""},"class_list":["post-921","page","type-page","status-publish","hentry"],"_links":{"self":[{"href":"https:\/\/www.hotelrimini.com\/de\/wp-json\/wp\/v2\/pages\/921","targetHints":{"allow":["GET"]}}],"collection":[{"href":"https:\/\/www.hotelrimini.com\/de\/wp-json\/wp\/v2\/pages"}],"about":[{"href":"https:\/\/www.hotelrimini.com\/de\/wp-json\/wp\/v2\/types\/page"}],"author":[{"embeddable":true,"href":"https:\/\/www.hotelrimini.com\/de\/wp-json\/wp\/v2\/users\/1"}],"replies":[{"embeddable":true,"href":"https:\/\/www.hotelrimini.com\/de\/wp-json\/wp\/v2\/comments?post=921"}],"version-history":[{"count":9,"href":"https:\/\/www.hotelrimini.com\/de\/wp-json\/wp\/v2\/pages\/921\/revisions"}],"predecessor-version":[{"id":4440,"href":"https:\/\/www.hotelrimini.com\/de\/wp-json\/wp\/v2\/pages\/921\/revisions\/4440"}],"wp:attachment":[{"href":"https:\/\/www.hotelrimini.com\/de\/wp-json\/wp\/v2\/media?parent=921"}],"curies":[{"name":"wp","href":"https:\/\/api.w.org\/{rel}","templated":true}]}}