{"id":2525,"date":"2018-02-10T22:41:45","date_gmt":"2018-02-10T21:41:45","guid":{"rendered":"https:\/\/www.hotelrimini.com\/live28042026\/live\/?page_id=2525"},"modified":"2018-02-10T22:50:41","modified_gmt":"2018-02-10T21:50:41","slug":"beliggenhed","status":"publish","type":"page","link":"https:\/\/www.hotelrimini.com\/da\/beliggenhed\/","title":{"rendered":"Beliggenhed"},"content":{"rendered":"<h1>Beliggenhed<\/h1>\n<p>Hotel Rimini i Rom befinder sig i et strategisk omr\u00e5de for\u00a0<strong>forretningskunder<\/strong>, da det befinder sig i n\u00e6rheden af\u00a0<strong>Roms politig\u00e5rd<\/strong>,\u00a0<strong>ministerierne<\/strong>,\u00a0<strong>Universitetet La Sapienza<\/strong>\u00a0og\u00a0<strong>Hospitalet Umberto I<\/strong>, politiskolen,\u00a0<strong>indenrigsministeriet<\/strong>, ministeriet for offentligt arbejde og forsvarsministeriet. Hotellet i Roms historiske centrum blandt de vigtigste monumenter og i n\u00e6rheden af Teatro dell\u00b4Opera, kan ligeledes nydes til et\u00a0<strong>ferie<\/strong>\u00a0ophold.<\/p>\n<p>Hotel Rimini befinder sig i\u00a0<strong>Rione di Castro Pretorio<\/strong>, mellem hovedbaneg\u00e5rden Roma Termini og universitetsbyen, lige overfor det italienske hovedkontor for turisme.<\/p>\n<p>Det antikke kvarter Castro Pretorio, er netop kendetegnet ved tilstedev\u00e6relsen af\u00a0<strong>vigtige institutionsbygninger<\/strong>, som for eksempel det nationale bibliotek, det ark\u00e6ologiske museum i Palazzo Massimo, H\u00f8jesteretten og det anerkendte universitet La Sapienza.<\/p>\n<p>Den\u00a0<strong>ekstremt centrale placering<\/strong>\u00a0g\u00f8r det endvidere muligt, at n\u00e5 de vigtigste historiske, kulturelle og forretningsm\u00e6ssige sev\u00e6rdigheder p\u00e5 ingen tid, b\u00e5de til fods og med det utroligt effektive netv\u00e6rk af offentlige transportmidler, som l\u00f8ber i gennem hele byen.<\/p>\n<p>H\u00e9r findes nemlig udgangspunktet for byens vigtigste buslinjer og metro-linjerne A og B, ideele for hurtigt at n\u00e5 frem til de strategiske omr\u00e5der, s\u00e5 som\u00a0<strong>Vatikanet<\/strong>\u00a0med\u00a0<strong>Skt. Peter basilikaen<\/strong>\u00a0og\u00a0<strong>Vatikan museerne<\/strong>,\u00a0<strong>den spanske trappe<\/strong>\u00a0og\u00a0<strong>Trevi<\/strong>\u00a0di\u00a0<strong>font\u00e6nen<\/strong>, det\u00a0<strong>olympiske stadium<\/strong>, og d<strong>en nye messe i Rom<\/strong>, samt til den mere ekslusive\u00a0<strong>shopping<\/strong>\u00a0, de ber\u00f8mte gader via Condotti og via del Corso, samt Roms splinternye store\u00a0<strong>forretningscentre<\/strong>\u00a0, som man ikke kan g\u00e5 glip af i perioderne for de store sommer- og vinterudsalg.<\/p>\n","protected":false},"excerpt":{"rendered":"<p>Beliggenhed Hotel Rimini i Rom befinder sig i et strategisk omr\u00e5de for\u00a0forretningskunder, da det befinder sig i n\u00e6rheden af\u00a0Roms politig\u00e5rd,\u00a0ministerierne,\u00a0Universitetet La Sapienza\u00a0og\u00a0Hospitalet Umberto I, politiskolen,\u00a0indenrigsministeriet, ministeriet for offentligt arbejde og forsvarsministeriet. Hotellet i Roms historiske centrum blandt de vigtigste monumenter og i n\u00e6rheden af Teatro dell\u00b4Opera, kan ligeledes nydes til et\u00a0ferie\u00a0ophold. Hotel Rimini befinder sig [&hellip;]<\/p>\n","protected":false},"author":1,"featured_media":0,"parent":0,"menu_order":0,"comment_status":"closed","ping_status":"closed","template":"","meta":{"footnotes":""},"class_list":["post-2525","page","type-page","status-publish","hentry"],"_links":{"self":[{"href":"https:\/\/www.hotelrimini.com\/da\/wp-json\/wp\/v2\/pages\/2525","targetHints":{"allow":["GET"]}}],"collection":[{"href":"https:\/\/www.hotelrimini.com\/da\/wp-json\/wp\/v2\/pages"}],"about":[{"href":"https:\/\/www.hotelrimini.com\/da\/wp-json\/wp\/v2\/types\/page"}],"author":[{"embeddable":true,"href":"https:\/\/www.hotelrimini.com\/da\/wp-json\/wp\/v2\/users\/1"}],"replies":[{"embeddable":true,"href":"https:\/\/www.hotelrimini.com\/da\/wp-json\/wp\/v2\/comments?post=2525"}],"version-history":[{"count":1,"href":"https:\/\/www.hotelrimini.com\/da\/wp-json\/wp\/v2\/pages\/2525\/revisions"}],"predecessor-version":[{"id":2526,"href":"https:\/\/www.hotelrimini.com\/da\/wp-json\/wp\/v2\/pages\/2525\/revisions\/2526"}],"wp:attachment":[{"href":"https:\/\/www.hotelrimini.com\/da\/wp-json\/wp\/v2\/media?parent=2525"}],"curies":[{"name":"wp","href":"https:\/\/api.w.org\/{rel}","templated":true}]}}