{"id":2028,"date":"2018-02-06T23:30:31","date_gmt":"2018-02-06T22:30:31","guid":{"rendered":"https:\/\/www.hotelrimini.com\/live28042026\/live\/?page_id=2028\/"},"modified":"2018-05-13T17:59:47","modified_gmt":"2018-05-13T15:59:47","slug":"vaerelser","status":"publish","type":"page","link":"https:\/\/www.hotelrimini.com\/da\/vaerelser\/","title":{"rendered":"V\u00e6relser"},"content":{"rendered":"<h1>V\u00e6relser<\/h1>\n<p>V\u00e6relser med adskillige indretninger, for at kunne opfylde de mest varierende behov. G\u00e6sterne p\u00e5\u00a0<strong>Hotel Rimini<\/strong>\u00a0i\u00a0<strong>Roma<\/strong>\u00a0varierer lige fra\u00a0<strong>business-<\/strong>\u00a0og\u00a0<strong>erhvervskunder<\/strong>\u00a0der leder efter elegance, praktiskhed og komfort, til\u00a0<strong>familier<\/strong>\u00a0der s\u00e6tter pris p\u00e5 de billige\u00a0<strong>tre-, og firdobbelte v\u00e6relser<\/strong>, midt i Roms attraktive<strong>historiske centrum<\/strong>, og\u00a0<strong>i n\u00e6rheden af hospitalet Umberto 1<\/strong>.<\/p>\n<p>Hotel Rimini tilbyder sine g\u00e6ster muligheden, for at v\u00e6lge mellem\u00a0<strong>forskellige typer af indkvartering<\/strong>\u00a0og v\u00e6lge den der bedst tilfredsstiller deres behov: Hotellet best\u00e5r nemlig af v\u00e6relser inddelt i enkelt-, dobbelt,- tredobbelte,- og firdobbelte v\u00e6relser. Desuden er enkelte v\u00e6relser reserveret udelukkende til ikke-rygere.<\/p>\n<p>Hvert v\u00e6relse er blevet\u00a0<strong>lydisoleret<\/strong>, for at sikre fredelige og rolige n\u00e6tter, til trods for den yderst centrale placering. For at g\u00f8re opholdet endnu mere behageligt, er v\u00e6relserne i dette elegante\u00a0<strong>romerske hotel<\/strong>\u00a0blevet udstyret med\u00a0<strong>komfort i h\u00f8j kvalitet<\/strong>\u00a0s\u00e5 som aircondition, direkte telefonforbindelse med videosk\u00e6rm, for at surfe p\u00e5 internettet, pengeskab, minibar, satellit-tv og et behageligt privat badev\u00e6relse med spabad eller bruser og h\u00e5rt\u00f8rrer.<\/p>\n<p>Der findes en fornem\u00a0<strong>Junior Suite<\/strong>\u00a0med dagligstue,\u00a0<strong>eget internt k\u00f8kken<\/strong>\u00a0og\u00a0<strong>panoramisk terrasse<\/strong>\u00a0til en uforglemmelig romersk ferie, samt en romantisk\u00a0<strong>bryllupsrejse<\/strong>.<\/p>\n","protected":false},"excerpt":{"rendered":"<p>V\u00e6relser V\u00e6relser med adskillige indretninger, for at kunne opfylde de mest varierende behov. G\u00e6sterne p\u00e5\u00a0Hotel Rimini\u00a0i\u00a0Roma\u00a0varierer lige fra\u00a0business-\u00a0og\u00a0erhvervskunder\u00a0der leder efter elegance, praktiskhed og komfort, til\u00a0familier\u00a0der s\u00e6tter pris p\u00e5 de billige\u00a0tre-, og firdobbelte v\u00e6relser, midt i Roms attraktivehistoriske centrum, og\u00a0i n\u00e6rheden af hospitalet Umberto 1. Hotel Rimini tilbyder sine g\u00e6ster muligheden, for at v\u00e6lge mellem\u00a0forskellige typer [&hellip;]<\/p>\n","protected":false},"author":1,"featured_media":0,"parent":0,"menu_order":0,"comment_status":"closed","ping_status":"closed","template":"","meta":{"footnotes":""},"class_list":["post-2028","page","type-page","status-publish","hentry"],"_links":{"self":[{"href":"https:\/\/www.hotelrimini.com\/da\/wp-json\/wp\/v2\/pages\/2028","targetHints":{"allow":["GET"]}}],"collection":[{"href":"https:\/\/www.hotelrimini.com\/da\/wp-json\/wp\/v2\/pages"}],"about":[{"href":"https:\/\/www.hotelrimini.com\/da\/wp-json\/wp\/v2\/types\/page"}],"author":[{"embeddable":true,"href":"https:\/\/www.hotelrimini.com\/da\/wp-json\/wp\/v2\/users\/1"}],"replies":[{"embeddable":true,"href":"https:\/\/www.hotelrimini.com\/da\/wp-json\/wp\/v2\/comments?post=2028"}],"version-history":[{"count":3,"href":"https:\/\/www.hotelrimini.com\/da\/wp-json\/wp\/v2\/pages\/2028\/revisions"}],"predecessor-version":[{"id":2909,"href":"https:\/\/www.hotelrimini.com\/da\/wp-json\/wp\/v2\/pages\/2028\/revisions\/2909"}],"wp:attachment":[{"href":"https:\/\/www.hotelrimini.com\/da\/wp-json\/wp\/v2\/media?parent=2028"}],"curies":[{"name":"wp","href":"https:\/\/api.w.org\/{rel}","templated":true}]}}