{"id":1936,"date":"2018-02-04T23:05:17","date_gmt":"2018-02-04T22:05:17","guid":{"rendered":"https:\/\/www.hotelrimini.com\/live28042026\/live\/?page_id=1936\/"},"modified":"2018-02-17T18:10:14","modified_gmt":"2018-02-17T17:10:14","slug":"beskrivelse","status":"publish","type":"page","link":"https:\/\/www.hotelrimini.com\/da\/beskrivelse\/","title":{"rendered":"Beskrivelse"},"content":{"rendered":"<h1>Beskrivelse<\/h1>\n<p>Hotellets tiltr\u00e6kkende beliggenhed midt i\u00a0<strong>Roms<\/strong>\u00a0centrum, dets bekvemmelighed og placering t\u00e6t ved Termini baneg\u00e5rden, g\u00f8r l?Hotel Rimini til et perfekt\u00a0<strong>familiehotel<\/strong>, indrettet med hyggelige og rummelige v\u00e6relser (indtil 4 personer); derudover medvirker de inkluderede servicer, s\u00e5 som tr\u00e5dl\u00f8s internet eller satelit-tv, at det er praktisk til\u00a0<strong>forretningsform\u00e5l<\/strong>\u00a0og ideelt\u00a0<strong>for unge mennesker<\/strong>, der leder efter en\u00a0<strong>billig<\/strong>\u00a0og bekvem indkvartering.<\/p>\n<p>Hotel Rimini befinder sig i et\u00a0<strong>elegant palads fra 1800<\/strong>, og fungerede f\u00f8r i tiden som sommerbolig for fyrstefamilien Cesarini Sforza. Paladset har indtil vore dage, bevaret den oprindelige struktur fra datidens pragtfulde glans og herlighed, den fantastiske marmor og en\u00a0<strong>elegant og afslappende atmosf\u00e6re.<\/strong><\/p>\n<p>Vores familie har ejet paladset siden 1920, \u00e5ret hvor det blev omdannet til pensionat og s\u00e6son efter s\u00e6son, beriget med komfort og servicer, for at g\u00f8re g\u00e6sternes ophold behageligt og uforglemmeligt.<\/p>\n<p>Hotel Rimini i Rom er siden 2007, medlem af gruppen\u00a0<strong>ECOWORLDHOTEL<\/strong>: En k\u00e6de af\u00a0<strong>uafh\u00e6ngige hoteller<\/strong>, som kendetegner sig ved energibesparende foranstaltninger og milj\u00f8venlighed gennem m\u00e5lramte indgreb, ved at anvende\u00a0<strong>\u00f8kologiske materialer<\/strong>, lokale ressourcer og leverand\u00f8rer, samt forbrugsbesparende metoder der f\u00f8rer til en\u00a0<strong>\u00f8kologisk bevidst handlem\u00e5de<\/strong>, for at varetage milj\u00f8et og udbredelsen af en\u00a0<strong>levedygtig turisme\u00a0<\/strong>.<\/p>\n<h2>Vores servicer<\/h2>\n<p>Hver morgen kan vores g\u00e6ster nyde en\u00a0<strong>rig og l\u00e6kker morgenmad<\/strong>, der er blevet k\u00e5ret som bedste buffet af det fornemme tidsskrift \u201cViaggi e Sapori\u201d.<br \/>\nHjemmelavede kager, croissant der lige er taget ud af ovnen, frisk frugt fra \u00e5rstiden, samt et udvalg af italiensk DOP p\u00e5l\u00e6g og spr\u00f8dt ovnbagt br\u00f8d.<\/p>\n<p>Morgenmaden serveres i vores restaurant, som f\u00f8r i tiden var en panoramisk terrasse, med udsigt over kuppelen fra basilikaen \u201csacro cuore\u201d og de karakteristiske tage i Rom. I dag er den blevet renoveret i \u201cold-english\u201d stil, udsmykket med\u00a0<strong>reproduktioner af ber\u00f8mte mesterv\u00e6rker<\/strong>\u00a0og altid med friske, velduftende blomster i alle regnbuens farver.<\/p>\n<p>For aperitiffer, drinks og lette snacks, findes der endvidere en velforsynet\u00a0<strong>Snack Bar<\/strong>\u00a0til g\u00e6sternes r\u00e5dighed, ideel til at slappe af efter en intens dag, hvis man derimod \u00f8nsker at bladre igennem guider og ugeblade, kan man s\u00f8ge tilflugt i den rolige og intime dagligstue der er dedikeret til l\u00e6sningen, med det oprindelige kostbare loft med fritliggende tr\u00e6bj\u00e6lker fra attenhundrede-tallet. Vi st\u00e5r endvidere til jeres komplette r\u00e5dighed for at foresl\u00e5 interessante rundture p\u00e5 opdagelse i byen, r\u00e5dgive jer ang\u00e5ende trattoriaer og typiske restauranter, organisere ture i og udenfor byen, bestille billetter til udstillinger, forestillinger, samt sportslige begivenheder, s\u00e5 som turneringen\u00a0<strong>Rugby 6 nationer<\/strong>\u00a0eller\u00a0<strong>Roms maraton\u00a0<\/strong>samt den fantastiske fodbold med det\u00a0<strong>italienske mesterskab<\/strong>\u00a0og\u00a0<strong>Champions League<\/strong>\u00a0og meget andet.<\/p>\n","protected":false},"excerpt":{"rendered":"<p>Beskrivelse Hotellets tiltr\u00e6kkende beliggenhed midt i\u00a0Roms\u00a0centrum, dets bekvemmelighed og placering t\u00e6t ved Termini baneg\u00e5rden, g\u00f8r l?Hotel Rimini til et perfekt\u00a0familiehotel, indrettet med hyggelige og rummelige v\u00e6relser (indtil 4 personer); derudover medvirker de inkluderede servicer, s\u00e5 som tr\u00e5dl\u00f8s internet eller satelit-tv, at det er praktisk til\u00a0forretningsform\u00e5l\u00a0og ideelt\u00a0for unge mennesker, der leder efter en\u00a0billig\u00a0og bekvem indkvartering. Hotel [&hellip;]<\/p>\n","protected":false},"author":1,"featured_media":0,"parent":0,"menu_order":0,"comment_status":"closed","ping_status":"closed","template":"","meta":{"footnotes":""},"class_list":["post-1936","page","type-page","status-publish","hentry"],"_links":{"self":[{"href":"https:\/\/www.hotelrimini.com\/da\/wp-json\/wp\/v2\/pages\/1936","targetHints":{"allow":["GET"]}}],"collection":[{"href":"https:\/\/www.hotelrimini.com\/da\/wp-json\/wp\/v2\/pages"}],"about":[{"href":"https:\/\/www.hotelrimini.com\/da\/wp-json\/wp\/v2\/types\/page"}],"author":[{"embeddable":true,"href":"https:\/\/www.hotelrimini.com\/da\/wp-json\/wp\/v2\/users\/1"}],"replies":[{"embeddable":true,"href":"https:\/\/www.hotelrimini.com\/da\/wp-json\/wp\/v2\/comments?post=1936"}],"version-history":[{"count":5,"href":"https:\/\/www.hotelrimini.com\/da\/wp-json\/wp\/v2\/pages\/1936\/revisions"}],"predecessor-version":[{"id":3029,"href":"https:\/\/www.hotelrimini.com\/da\/wp-json\/wp\/v2\/pages\/1936\/revisions\/3029"}],"wp:attachment":[{"href":"https:\/\/www.hotelrimini.com\/da\/wp-json\/wp\/v2\/media?parent=1936"}],"curies":[{"name":"wp","href":"https:\/\/api.w.org\/{rel}","templated":true}]}}