{"id":1915,"date":"2018-02-04T22:19:47","date_gmt":"2018-02-04T21:19:47","guid":{"rendered":"https:\/\/www.hotelrimini.com\/live28042026\/live\/?page_id=1915\/"},"modified":"2020-06-02T08:49:27","modified_gmt":"2020-06-02T06:49:27","slug":"home","status":"publish","type":"page","link":"https:\/\/www.hotelrimini.com\/da\/","title":{"rendered":"Home"},"content":{"rendered":"<p><strong>I Centrum af Rom<\/strong>, i et elegant pal\u00e6 fra det 19.\u00e5rhundrede, l\u2019<strong>Hotel Rimini ROM er et komfortabelt billigt hotel<\/strong>\u00a0bekvemt til hovedbaneg\u00e5rden Stazione Termini, ideelt til forretningsrejsende, unge og familier, v\u00e6rdsat for sin atmosf\u00e6re, udstyret med internet-forbindelse\u00a0<strong>Wi-Fi gratis for g\u00e6sterne, satelit-TV <\/strong>og en hyggelig panoramisk sal, hvor der serveres en l\u00e6kker morgenmadsbuffet.<\/p>\n<p>Blandt\u00a0<strong>de 3-stjernede hoteller<\/strong>\u00a0midt i hovedstadens\u00a0<strong>historiske centrum<\/strong>, kombinerer\u00a0<strong>Hotel Rimini Roma<\/strong>\u00a0den evigt tilstedev\u00e6rende charme af den Evige By, komforten i et\u00a0<strong>\u00f8kononomisk<\/strong>\u00a0men\u00a0<strong>elegant<\/strong>\u00a0og g\u00e6stfrit hotel, udover de adskillige servicer og bekvemmeligheder. I s\u00e6rdeleshed er der en concierge-service til r\u00e5dighed 24 timer i d\u00f8gnet til reservering af billetter, taxaer, shuttle-service, udflugter og sightseeing i Rom og meget mere!<\/p>\n<p>Dette\u00a0<strong>3-stjernede hotel<\/strong>\u00a0i den romerske\u00a0<strong>indre by<\/strong>, er endvidere nemt at komme til, fordi Hotel Rimini Roma er t\u00e6t p\u00e5\u00a0<strong>togstationen<\/strong>\u00a0og p\u00e5\u00a0<strong>terminalen<\/strong>\u00a0fra og til\u00a0<strong>lufthavnen Fiumicino<\/strong>\u00a0og til\u00a0<strong>lufthavnen Ciampino,\u00a0<\/strong>(Ryan Air e og andre lavprisselskaber), som man kan komme til b\u00e5de med de specielle direkte tog s\u00e5vel som med Alitalias og Terravisions busruter, hvis endestationer ligger mindre end 50 meter fra hotellet.<\/p>\n","protected":false},"excerpt":{"rendered":"<p>I Centrum af Rom, i et elegant pal\u00e6 fra det 19.\u00e5rhundrede, l\u2019Hotel Rimini ROM er et komfortabelt billigt hotel\u00a0bekvemt til hovedbaneg\u00e5rden Stazione Termini, ideelt til forretningsrejsende, unge og familier, v\u00e6rdsat for sin atmosf\u00e6re, udstyret med internet-forbindelse\u00a0Wi-Fi gratis for g\u00e6sterne, satelit-TV og en hyggelig panoramisk sal, hvor der serveres en l\u00e6kker morgenmadsbuffet. Blandt\u00a0de 3-stjernede hoteller\u00a0midt i [&hellip;]<\/p>\n","protected":false},"author":1,"featured_media":0,"parent":0,"menu_order":0,"comment_status":"closed","ping_status":"closed","template":"","meta":{"footnotes":""},"class_list":["post-1915","page","type-page","status-publish","hentry"],"_links":{"self":[{"href":"https:\/\/www.hotelrimini.com\/da\/wp-json\/wp\/v2\/pages\/1915","targetHints":{"allow":["GET"]}}],"collection":[{"href":"https:\/\/www.hotelrimini.com\/da\/wp-json\/wp\/v2\/pages"}],"about":[{"href":"https:\/\/www.hotelrimini.com\/da\/wp-json\/wp\/v2\/types\/page"}],"author":[{"embeddable":true,"href":"https:\/\/www.hotelrimini.com\/da\/wp-json\/wp\/v2\/users\/1"}],"replies":[{"embeddable":true,"href":"https:\/\/www.hotelrimini.com\/da\/wp-json\/wp\/v2\/comments?post=1915"}],"version-history":[{"count":5,"href":"https:\/\/www.hotelrimini.com\/da\/wp-json\/wp\/v2\/pages\/1915\/revisions"}],"predecessor-version":[{"id":3020,"href":"https:\/\/www.hotelrimini.com\/da\/wp-json\/wp\/v2\/pages\/1915\/revisions\/3020"}],"wp:attachment":[{"href":"https:\/\/www.hotelrimini.com\/da\/wp-json\/wp\/v2\/media?parent=1915"}],"curies":[{"name":"wp","href":"https:\/\/api.w.org\/{rel}","templated":true}]}}